{"id":95321,"date":"2026-02-25T10:31:23","date_gmt":"2026-02-25T08:31:23","guid":{"rendered":"https:\/\/lustandlove.eu\/?post_type=product&#038;p=95321"},"modified":"2026-04-13T10:26:17","modified_gmt":"2026-04-13T07:26:17","slug":"bound-to-please-sormevibraator-ja-silikoonist-kaerauad","status":"publish","type":"product","link":"https:\/\/lustandlove.eu\/et\/toode\/bound-to-please-sormevibraator-ja-silikoonist-kaerauad\/","title":{"rendered":"Bound to please &#8211; S\u00f5rmevibraator ja Silikoonist K\u00e4erauad"},"content":{"rendered":"<p>Selle vibraatori ja k\u00e4erauade komplektiga saate avastada kiusamise ja kontrolli maailma. <a href=\"https:\/\/lustandlove.eu\/et\/toode\/tickly-finger-vibrator\/\">Tickly<\/a> ja Grip t\u00f6\u00f6tavad koos veatult, et viia teid m\u00f5nude, vajaduste ja naudingute maailma.<\/p>\n<p>Tickly libiseb kergesti s\u00f5rmele ja muudab iga liigutuse vibreerivaks puudutuseks. S\u00fcgavad vibratsioonid ja pehme silikoon muudavad selle ideaalseks keha aeglaseks avastamiseks, pinget \u00fcles ehitamiseks ja naudingu kasvamiseks just seal, kus see k\u00f5ige paremini tundub. Tickly s\u00f5rmevibraator on valmistatud pehmest, kehale ohutust silikoonist ning seda v\u00f5ib kasutada koos veep\u00f5hise libestiga, n\u00e4iteks Peech br\u00e4ndi enda\u00a0<a href=\"https:\/\/lustandlove.eu\/et\/toode\/glide-slide-veebaasil-libesti-100ml\/\">Glide &amp; Slide.<\/a>\u00a0 Vibraatoril on 10 erinevat vibratsiooniseadet ja see on t\u00e4iesti veekindel.<\/p>\n<p>Grip k\u00e4erauade pehme ja paindlik materjal hoiab su k\u00e4ed kindlalt paigas, nii et saad loobuda kontrollist ja keskenduda lihtsalt naudingule. Kui su k\u00e4ed on kinni seotud, muutub iga puudutus, iga vibreeriv liigutus ja iga paus intensiivsemaks ja kohalolevamaks. Silikoonist k\u00e4erauad on venivad ning neid saab kergesti peale panna ja eemaldada.<\/p>\n<p>Vibraator ja k\u00e4erauad loovad koos raamistiku intiimseks ja atmosf\u00e4\u00e4riliseks m\u00e4nguks, kus kontrolli kaotus, puudutus ja vibratsioon \u00fchinevad. Ideaalne neile, kes soovivad avastada erutavat d\u00fcnaamikat \u2013 nii \u00fcksi kui ka teistega.<\/p>\n<p>Ideaalne aeglaseks kiusamiseks ja sensuaalseks avastamiseks.<\/p>\n<p><strong>Tickly m\u00f5\u00f5dud:<\/strong><\/p>\n<p>Kogupikkus: 8.6 cm<br \/>\nLaius: 3.4 cm<\/p>\n<p><strong>Grip m\u00f5\u00f5dud:<\/strong><\/p>\n<p>Kogupikkus: 20 cm<br \/>\nLaius: 7.8 cm<\/p>\n","protected":false},"excerpt":{"rendered":"<p><strong>Lase kontrollist lahti ja naudi s\u00fcgavat naudingut<\/strong><\/p>\n<p>Bound to Please komplekt \u00fchendab Tickly s\u00f5rmevibraatori ja Grip k\u00e4erauad komplektis, mis t\u00f5stab tuju ja avab v\u00f5imalused m\u00e4ngulisemaks, intensiivsemaks ja sensuaalsemaks kontaktiks.<\/p>\n","protected":false},"featured_media":95329,"template":"","meta":[],"product_brand":[4229],"product_cat":[4011,4009,1493,1484],"product_tag":[],"class_list":{"0":"post-95321","1":"product","2":"type-product","3":"status-publish","4":"has-post-thumbnail","6":"product_brand-peech-et","7":"product_cat-kingiideed","8":"product_cat-lobu-mangud","9":"product_cat-paaride-komplektid","10":"product_cat-sekslelud","11":"pa_brand-peech-et","13":"first","14":"instock","15":"taxable","16":"shipping-taxable","17":"purchasable","18":"product-type-simple"},"yoast_head":"<!-- This site is optimized with the Yoast SEO plugin v27.4 - https:\/\/yoast.com\/product\/yoast-seo-wordpress\/ -->\n<title>Bound to please - S\u00f5rmevibraator ja Silikoonist K\u00e4erauad | Lust and Love<\/title>\n<meta name=\"description\" content=\"Bound to Please vibraator ja k\u00e4erauad komplekt \u00fchendab Tickly s\u00f5rmevibraatori ja Grip k\u00e4erauad komplektis, mis avab teile kiusamise ja naudingute maailma.\" \/>\n<meta name=\"robots\" content=\"index,follow,max-snippet:-1,max-image-preview:large,max-video-preview:-1\" \/>\n<link rel=\"canonical\" href=\"https:\/\/lustandlove.eu\/et\/toode\/bound-to-please-sormevibraator-ja-silikoonist-kaerauad\/\" \/>\n<script type=\"application\/ld+json\" class=\"yoast-schema-graph\">{\"@context\":\"https:\\\/\\\/schema.org\",\"@graph\":[{\"@type\":[\"WebPage\",\"ItemPage\"],\"@id\":\"https:\\\/\\\/lustandlove.eu\\\/et\\\/toode\\\/bound-to-please-sormevibraator-ja-silikoonist-kaerauad\\\/\",\"url\":\"https:\\\/\\\/lustandlove.eu\\\/et\\\/toode\\\/bound-to-please-sormevibraator-ja-silikoonist-kaerauad\\\/\",\"name\":\"Bound to please - S\u00f5rmevibraator ja Silikoonist K\u00e4erauad | Lust and Love\",\"isPartOf\":{\"@id\":\"https:\\\/\\\/lustandlove.eu\\\/et\\\/#website\"},\"primaryImageOfPage\":{\"@id\":\"https:\\\/\\\/lustandlove.eu\\\/et\\\/toode\\\/bound-to-please-sormevibraator-ja-silikoonist-kaerauad\\\/#primaryimage\"},\"image\":{\"@id\":\"https:\\\/\\\/lustandlove.eu\\\/et\\\/toode\\\/bound-to-please-sormevibraator-ja-silikoonist-kaerauad\\\/#primaryimage\"},\"thumbnailUrl\":\"https:\\\/\\\/lustandlove.eu\\\/wp-content\\\/uploads\\\/peech-kits-pakker-bound-to-please-1208945263.jpg.jpeg\",\"datePublished\":\"2026-02-25T08:31:23+00:00\",\"dateModified\":\"2026-04-13T07:26:17+00:00\",\"description\":\"Bound to Please vibraator ja k\u00e4erauad komplekt \u00fchendab Tickly s\u00f5rmevibraatori ja Grip k\u00e4erauad komplektis, mis avab teile kiusamise ja naudingute maailma.\",\"breadcrumb\":{\"@id\":\"https:\\\/\\\/lustandlove.eu\\\/et\\\/toode\\\/bound-to-please-sormevibraator-ja-silikoonist-kaerauad\\\/#breadcrumb\"},\"inLanguage\":\"et\",\"potentialAction\":[{\"@type\":\"ReadAction\",\"target\":[\"https:\\\/\\\/lustandlove.eu\\\/et\\\/toode\\\/bound-to-please-sormevibraator-ja-silikoonist-kaerauad\\\/\"]}]},{\"@type\":\"ImageObject\",\"inLanguage\":\"et\",\"@id\":\"https:\\\/\\\/lustandlove.eu\\\/et\\\/toode\\\/bound-to-please-sormevibraator-ja-silikoonist-kaerauad\\\/#primaryimage\",\"url\":\"https:\\\/\\\/lustandlove.eu\\\/wp-content\\\/uploads\\\/peech-kits-pakker-bound-to-please-1208945263.jpg.jpeg\",\"contentUrl\":\"https:\\\/\\\/lustandlove.eu\\\/wp-content\\\/uploads\\\/peech-kits-pakker-bound-to-please-1208945263.jpg.jpeg\",\"width\":1400,\"height\":1400},{\"@type\":\"BreadcrumbList\",\"@id\":\"https:\\\/\\\/lustandlove.eu\\\/et\\\/toode\\\/bound-to-please-sormevibraator-ja-silikoonist-kaerauad\\\/#breadcrumb\",\"itemListElement\":[{\"@type\":\"ListItem\",\"position\":1,\"name\":\"Lust and Love\",\"item\":\"https:\\\/\\\/lustandlove.eu\\\/et\\\/\"},{\"@type\":\"ListItem\",\"position\":2,\"name\":\"Pood\",\"item\":\"https:\\\/\\\/lustandlove.eu\\\/et\\\/pood\\\/\"},{\"@type\":\"ListItem\",\"position\":3,\"name\":\"Sekslelud\",\"item\":\"https:\\\/\\\/lustandlove.eu\\\/et\\\/pood\\\/sekslelud\\\/\"},{\"@type\":\"ListItem\",\"position\":4,\"name\":\"Paaride komplektid\",\"item\":\"https:\\\/\\\/lustandlove.eu\\\/et\\\/pood\\\/sekslelud\\\/paaride-komplektid\\\/\"},{\"@type\":\"ListItem\",\"position\":5,\"name\":\"Bound to please &#8211; S\u00f5rmevibraator ja Silikoonist K\u00e4erauad\"}]},{\"@type\":\"WebSite\",\"@id\":\"https:\\\/\\\/lustandlove.eu\\\/et\\\/#website\",\"url\":\"https:\\\/\\\/lustandlove.eu\\\/et\\\/\",\"name\":\"Lust & Love\",\"description\":\"Online erootikapood tervise, ilu ja armastuse jaoks\",\"publisher\":{\"@id\":\"https:\\\/\\\/lustandlove.eu\\\/et\\\/#organization\"},\"potentialAction\":[{\"@type\":\"SearchAction\",\"target\":{\"@type\":\"EntryPoint\",\"urlTemplate\":\"https:\\\/\\\/lustandlove.eu\\\/et\\\/?s={search_term_string}\"},\"query-input\":{\"@type\":\"PropertyValueSpecification\",\"valueRequired\":true,\"valueName\":\"search_term_string\"}}],\"inLanguage\":\"et\"},{\"@type\":\"Organization\",\"@id\":\"https:\\\/\\\/lustandlove.eu\\\/et\\\/#organization\",\"name\":\"Bioconcept Baltics O\u00dc\",\"url\":\"https:\\\/\\\/lustandlove.eu\\\/et\\\/\",\"logo\":{\"@type\":\"ImageObject\",\"inLanguage\":\"et\",\"@id\":\"https:\\\/\\\/lustandlove.eu\\\/et\\\/#\\\/schema\\\/logo\\\/image\\\/\",\"url\":\"https:\\\/\\\/lustandlove.eu\\\/wp-content\\\/uploads\\\/logo-full-2.png\",\"contentUrl\":\"https:\\\/\\\/lustandlove.eu\\\/wp-content\\\/uploads\\\/logo-full-2.png\",\"width\":837,\"height\":200,\"caption\":\"Bioconcept Baltics O\u00dc\"},\"image\":{\"@id\":\"https:\\\/\\\/lustandlove.eu\\\/et\\\/#\\\/schema\\\/logo\\\/image\\\/\"},\"sameAs\":[\"https:\\\/\\\/www.facebook.com\\\/LustandLoveEU\\\/\",\"https:\\\/\\\/www.instagram.com\\\/lustandloveeu\\\/\"]}]}<\/script>\n<!-- \/ Yoast SEO plugin. -->","yoast_head_json":{"title":"Bound to please - S\u00f5rmevibraator ja Silikoonist K\u00e4erauad | Lust and Love","description":"Bound to Please vibraator ja k\u00e4erauad komplekt \u00fchendab Tickly s\u00f5rmevibraatori ja Grip k\u00e4erauad komplektis, mis avab teile kiusamise ja naudingute maailma.","robots":{"index,follow,max-snippet":"index,follow,max-snippet:-1,max-image-preview:large,max-video-preview:-1"},"canonical":"https:\/\/lustandlove.eu\/et\/toode\/bound-to-please-sormevibraator-ja-silikoonist-kaerauad\/","schema":{"@context":"https:\/\/schema.org","@graph":[{"@type":["WebPage","ItemPage"],"@id":"https:\/\/lustandlove.eu\/et\/toode\/bound-to-please-sormevibraator-ja-silikoonist-kaerauad\/","url":"https:\/\/lustandlove.eu\/et\/toode\/bound-to-please-sormevibraator-ja-silikoonist-kaerauad\/","name":"Bound to please - S\u00f5rmevibraator ja Silikoonist K\u00e4erauad | Lust and Love","isPartOf":{"@id":"https:\/\/lustandlove.eu\/et\/#website"},"primaryImageOfPage":{"@id":"https:\/\/lustandlove.eu\/et\/toode\/bound-to-please-sormevibraator-ja-silikoonist-kaerauad\/#primaryimage"},"image":{"@id":"https:\/\/lustandlove.eu\/et\/toode\/bound-to-please-sormevibraator-ja-silikoonist-kaerauad\/#primaryimage"},"thumbnailUrl":"https:\/\/lustandlove.eu\/wp-content\/uploads\/peech-kits-pakker-bound-to-please-1208945263.jpg.jpeg","datePublished":"2026-02-25T08:31:23+00:00","dateModified":"2026-04-13T07:26:17+00:00","description":"Bound to Please vibraator ja k\u00e4erauad komplekt \u00fchendab Tickly s\u00f5rmevibraatori ja Grip k\u00e4erauad komplektis, mis avab teile kiusamise ja naudingute maailma.","breadcrumb":{"@id":"https:\/\/lustandlove.eu\/et\/toode\/bound-to-please-sormevibraator-ja-silikoonist-kaerauad\/#breadcrumb"},"inLanguage":"et","potentialAction":[{"@type":"ReadAction","target":["https:\/\/lustandlove.eu\/et\/toode\/bound-to-please-sormevibraator-ja-silikoonist-kaerauad\/"]}]},{"@type":"ImageObject","inLanguage":"et","@id":"https:\/\/lustandlove.eu\/et\/toode\/bound-to-please-sormevibraator-ja-silikoonist-kaerauad\/#primaryimage","url":"https:\/\/lustandlove.eu\/wp-content\/uploads\/peech-kits-pakker-bound-to-please-1208945263.jpg.jpeg","contentUrl":"https:\/\/lustandlove.eu\/wp-content\/uploads\/peech-kits-pakker-bound-to-please-1208945263.jpg.jpeg","width":1400,"height":1400},{"@type":"BreadcrumbList","@id":"https:\/\/lustandlove.eu\/et\/toode\/bound-to-please-sormevibraator-ja-silikoonist-kaerauad\/#breadcrumb","itemListElement":[{"@type":"ListItem","position":1,"name":"Lust and Love","item":"https:\/\/lustandlove.eu\/et\/"},{"@type":"ListItem","position":2,"name":"Pood","item":"https:\/\/lustandlove.eu\/et\/pood\/"},{"@type":"ListItem","position":3,"name":"Sekslelud","item":"https:\/\/lustandlove.eu\/et\/pood\/sekslelud\/"},{"@type":"ListItem","position":4,"name":"Paaride komplektid","item":"https:\/\/lustandlove.eu\/et\/pood\/sekslelud\/paaride-komplektid\/"},{"@type":"ListItem","position":5,"name":"Bound to please &#8211; S\u00f5rmevibraator ja Silikoonist K\u00e4erauad"}]},{"@type":"WebSite","@id":"https:\/\/lustandlove.eu\/et\/#website","url":"https:\/\/lustandlove.eu\/et\/","name":"Lust & Love","description":"Online erootikapood tervise, ilu ja armastuse jaoks","publisher":{"@id":"https:\/\/lustandlove.eu\/et\/#organization"},"potentialAction":[{"@type":"SearchAction","target":{"@type":"EntryPoint","urlTemplate":"https:\/\/lustandlove.eu\/et\/?s={search_term_string}"},"query-input":{"@type":"PropertyValueSpecification","valueRequired":true,"valueName":"search_term_string"}}],"inLanguage":"et"},{"@type":"Organization","@id":"https:\/\/lustandlove.eu\/et\/#organization","name":"Bioconcept Baltics O\u00dc","url":"https:\/\/lustandlove.eu\/et\/","logo":{"@type":"ImageObject","inLanguage":"et","@id":"https:\/\/lustandlove.eu\/et\/#\/schema\/logo\/image\/","url":"https:\/\/lustandlove.eu\/wp-content\/uploads\/logo-full-2.png","contentUrl":"https:\/\/lustandlove.eu\/wp-content\/uploads\/logo-full-2.png","width":837,"height":200,"caption":"Bioconcept Baltics O\u00dc"},"image":{"@id":"https:\/\/lustandlove.eu\/et\/#\/schema\/logo\/image\/"},"sameAs":["https:\/\/www.facebook.com\/LustandLoveEU\/","https:\/\/www.instagram.com\/lustandloveeu\/"]}]}},"_links":{"self":[{"href":"https:\/\/lustandlove.eu\/et\/wp-json\/wp\/v2\/product\/95321","targetHints":{"allow":["GET"]}}],"collection":[{"href":"https:\/\/lustandlove.eu\/et\/wp-json\/wp\/v2\/product"}],"about":[{"href":"https:\/\/lustandlove.eu\/et\/wp-json\/wp\/v2\/types\/product"}],"wp:featuredmedia":[{"embeddable":true,"href":"https:\/\/lustandlove.eu\/et\/wp-json\/wp\/v2\/media\/95329"}],"wp:attachment":[{"href":"https:\/\/lustandlove.eu\/et\/wp-json\/wp\/v2\/media?parent=95321"}],"wp:term":[{"taxonomy":"product_brand","embeddable":true,"href":"https:\/\/lustandlove.eu\/et\/wp-json\/wp\/v2\/product_brand?post=95321"},{"taxonomy":"product_cat","embeddable":true,"href":"https:\/\/lustandlove.eu\/et\/wp-json\/wp\/v2\/product_cat?post=95321"},{"taxonomy":"product_tag","embeddable":true,"href":"https:\/\/lustandlove.eu\/et\/wp-json\/wp\/v2\/product_tag?post=95321"}],"curies":[{"name":"wp","href":"https:\/\/api.w.org\/{rel}","templated":true}]}}