{"id":95331,"date":"2026-02-25T10:45:16","date_gmt":"2026-02-25T08:45:17","guid":{"rendered":"https:\/\/lustandlove.eu\/?post_type=product&#038;p=95331"},"modified":"2026-04-13T10:26:16","modified_gmt":"2026-04-13T07:26:16","slug":"bia-jankuvibraator-ohusurvestimulaatoriga","status":"publish","type":"product","link":"https:\/\/lustandlove.eu\/et\/toode\/bia-jankuvibraator-ohusurvestimulaatoriga\/","title":{"rendered":"Bia J\u00e4nkuvibraator \u00f5husurvestimulaatoriga"},"content":{"rendered":"<p>Bia on kombineeritud vibraator \u00f5hupulsi stimulaatoriga, mis stimuleerib nii kliitorit kui ka G-punkti. \u00dches otsas on avaus, mis klassikalise kliitori stimulaatori kombel loob \u00f5hur\u00f5hu tehnoloogia abil imemisele sarnase tunde. Avause sees on ka v\u00e4ike \u00fcles-alla liiguv \u201ekeel\u201d, mis v\u00f5ib tekitada suuseksi tunde. Valida saab kolme intensiivsuse ja 7 erineva mustri vahel.<\/p>\n<p>Teises otsas on v\u00f5imas mootor, mis suudab vibraatori sisestamisel pakkuda intensiivset G-tsooni stimuleerimist. Siin saab samuti valida kolme intensiivsuse ja 7 erineva vibratsioonimustri vahel. Parima tunde saamiseks kasuta vibraatorit \u00f5hupulsi stimulaatoriga koos veep\u00f5hise libestiga.<\/p>\n<p>Vibraator on pritsmekindel, kuid mitte t\u00e4ielikult veekindel, seega ei saa seda du\u0161i alla kaasa v\u00f5tta. Siiski on seda p\u00e4rast kasutamist lihtne puhastada vee ja <a href=\"https:\/\/lustandlove.eu\/et\/toode\/lelupuhastaja\/\">m\u00e4nguasjade puhastusvahendiga<\/a> v\u00f5i pehme seebiga.<\/p>\n<p>M\u00f5\u00f5tmed:<br \/>\nSisestamise pikkus: 11 cm<br \/>\nMaksimaalne l\u00e4bim\u00f5\u00f5t: 4 cm<\/p>\n<p>Valmistatud kehale ohutust meditsiinilisest silikoonist.<br \/>\nPristmekindel.<br \/>\nSobib veep\u00f5histe libestitega.<br \/>\n3 intensiivsust ja 7 mustrit m\u00f5lemas mootoris.<\/p>\n","protected":false},"excerpt":{"rendered":"<p><strong>Kliitori ja G-tsooni stimulaator ja vibraator<\/strong><\/p>\n<p>Kaks \u00fches vibraator, mis stimuleerib kliitorit \u00f5hur\u00f5hu imemisega ja pakub s\u00fcgavaid, m\u00fcrisevaid vibratsioone G-tsoonile.<\/p>\n","protected":false},"featured_media":95337,"template":"","meta":[],"product_brand":[4229],"product_cat":[3977,1484,1488],"product_tag":[],"class_list":{"0":"post-95331","1":"product","2":"type-product","3":"status-publish","4":"has-post-thumbnail","6":"product_brand-peech-et","7":"product_cat-janese","8":"product_cat-sekslelud","9":"product_cat-vibraatorid","10":"pa_brand-peech-et","12":"first","13":"instock","14":"taxable","15":"shipping-taxable","16":"purchasable","17":"product-type-simple"},"yoast_head":"<!-- This site is optimized with the Yoast SEO plugin v27.4 - https:\/\/yoast.com\/product\/yoast-seo-wordpress\/ -->\n<title>Bia J\u00e4nkuvibraator \u00f5husurvestimulaatoriga | Lust and Love<\/title>\n<meta name=\"description\" content=\"Mitmek\u00fclgne kahe-\u00fches vibraator, millel on \u00f5hupulssstimulaator kliitori imemiseks ja s\u00fcgavad, m\u00fcrisevad vibratsioonid G-tsooni stimuleerimiseks.\" \/>\n<meta name=\"robots\" content=\"index,follow,max-snippet:-1,max-image-preview:large,max-video-preview:-1\" \/>\n<link rel=\"canonical\" href=\"https:\/\/lustandlove.eu\/et\/toode\/bia-jankuvibraator-ohusurvestimulaatoriga\/\" \/>\n<script type=\"application\/ld+json\" class=\"yoast-schema-graph\">{\"@context\":\"https:\\\/\\\/schema.org\",\"@graph\":[{\"@type\":[\"WebPage\",\"ItemPage\"],\"@id\":\"https:\\\/\\\/lustandlove.eu\\\/et\\\/toode\\\/bia-jankuvibraator-ohusurvestimulaatoriga\\\/\",\"url\":\"https:\\\/\\\/lustandlove.eu\\\/et\\\/toode\\\/bia-jankuvibraator-ohusurvestimulaatoriga\\\/\",\"name\":\"Bia J\u00e4nkuvibraator \u00f5husurvestimulaatoriga | Lust and Love\",\"isPartOf\":{\"@id\":\"https:\\\/\\\/lustandlove.eu\\\/et\\\/#website\"},\"primaryImageOfPage\":{\"@id\":\"https:\\\/\\\/lustandlove.eu\\\/et\\\/toode\\\/bia-jankuvibraator-ohusurvestimulaatoriga\\\/#primaryimage\"},\"image\":{\"@id\":\"https:\\\/\\\/lustandlove.eu\\\/et\\\/toode\\\/bia-jankuvibraator-ohusurvestimulaatoriga\\\/#primaryimage\"},\"thumbnailUrl\":\"https:\\\/\\\/lustandlove.eu\\\/wp-content\\\/uploads\\\/peech-vibrator-bia-vibrator-og-stimulator-0796554105307-1215701590.jpg.jpeg\",\"datePublished\":\"2026-02-25T08:45:17+00:00\",\"dateModified\":\"2026-04-13T07:26:16+00:00\",\"description\":\"Mitmek\u00fclgne kahe-\u00fches vibraator, millel on \u00f5hupulssstimulaator kliitori imemiseks ja s\u00fcgavad, m\u00fcrisevad vibratsioonid G-tsooni stimuleerimiseks.\",\"breadcrumb\":{\"@id\":\"https:\\\/\\\/lustandlove.eu\\\/et\\\/toode\\\/bia-jankuvibraator-ohusurvestimulaatoriga\\\/#breadcrumb\"},\"inLanguage\":\"et\",\"potentialAction\":[{\"@type\":\"ReadAction\",\"target\":[\"https:\\\/\\\/lustandlove.eu\\\/et\\\/toode\\\/bia-jankuvibraator-ohusurvestimulaatoriga\\\/\"]}]},{\"@type\":\"ImageObject\",\"inLanguage\":\"et\",\"@id\":\"https:\\\/\\\/lustandlove.eu\\\/et\\\/toode\\\/bia-jankuvibraator-ohusurvestimulaatoriga\\\/#primaryimage\",\"url\":\"https:\\\/\\\/lustandlove.eu\\\/wp-content\\\/uploads\\\/peech-vibrator-bia-vibrator-og-stimulator-0796554105307-1215701590.jpg.jpeg\",\"contentUrl\":\"https:\\\/\\\/lustandlove.eu\\\/wp-content\\\/uploads\\\/peech-vibrator-bia-vibrator-og-stimulator-0796554105307-1215701590.jpg.jpeg\",\"width\":1400,\"height\":1400},{\"@type\":\"BreadcrumbList\",\"@id\":\"https:\\\/\\\/lustandlove.eu\\\/et\\\/toode\\\/bia-jankuvibraator-ohusurvestimulaatoriga\\\/#breadcrumb\",\"itemListElement\":[{\"@type\":\"ListItem\",\"position\":1,\"name\":\"Lust and Love\",\"item\":\"https:\\\/\\\/lustandlove.eu\\\/et\\\/\"},{\"@type\":\"ListItem\",\"position\":2,\"name\":\"Pood\",\"item\":\"https:\\\/\\\/lustandlove.eu\\\/et\\\/pood\\\/\"},{\"@type\":\"ListItem\",\"position\":3,\"name\":\"Sekslelud\",\"item\":\"https:\\\/\\\/lustandlove.eu\\\/et\\\/pood\\\/sekslelud\\\/\"},{\"@type\":\"ListItem\",\"position\":4,\"name\":\"Vibraatorid\",\"item\":\"https:\\\/\\\/lustandlove.eu\\\/et\\\/pood\\\/sekslelud\\\/vibraatorid\\\/\"},{\"@type\":\"ListItem\",\"position\":5,\"name\":\"J\u00e4nese\",\"item\":\"https:\\\/\\\/lustandlove.eu\\\/et\\\/pood\\\/sekslelud\\\/vibraatorid\\\/janese\\\/\"},{\"@type\":\"ListItem\",\"position\":6,\"name\":\"Bia J\u00e4nkuvibraator \u00f5husurvestimulaatoriga\"}]},{\"@type\":\"WebSite\",\"@id\":\"https:\\\/\\\/lustandlove.eu\\\/et\\\/#website\",\"url\":\"https:\\\/\\\/lustandlove.eu\\\/et\\\/\",\"name\":\"Lust & Love\",\"description\":\"Online erootikapood tervise, ilu ja armastuse jaoks\",\"publisher\":{\"@id\":\"https:\\\/\\\/lustandlove.eu\\\/et\\\/#organization\"},\"potentialAction\":[{\"@type\":\"SearchAction\",\"target\":{\"@type\":\"EntryPoint\",\"urlTemplate\":\"https:\\\/\\\/lustandlove.eu\\\/et\\\/?s={search_term_string}\"},\"query-input\":{\"@type\":\"PropertyValueSpecification\",\"valueRequired\":true,\"valueName\":\"search_term_string\"}}],\"inLanguage\":\"et\"},{\"@type\":\"Organization\",\"@id\":\"https:\\\/\\\/lustandlove.eu\\\/et\\\/#organization\",\"name\":\"Bioconcept Baltics O\u00dc\",\"url\":\"https:\\\/\\\/lustandlove.eu\\\/et\\\/\",\"logo\":{\"@type\":\"ImageObject\",\"inLanguage\":\"et\",\"@id\":\"https:\\\/\\\/lustandlove.eu\\\/et\\\/#\\\/schema\\\/logo\\\/image\\\/\",\"url\":\"https:\\\/\\\/lustandlove.eu\\\/wp-content\\\/uploads\\\/logo-full-2.png\",\"contentUrl\":\"https:\\\/\\\/lustandlove.eu\\\/wp-content\\\/uploads\\\/logo-full-2.png\",\"width\":837,\"height\":200,\"caption\":\"Bioconcept Baltics O\u00dc\"},\"image\":{\"@id\":\"https:\\\/\\\/lustandlove.eu\\\/et\\\/#\\\/schema\\\/logo\\\/image\\\/\"},\"sameAs\":[\"https:\\\/\\\/www.facebook.com\\\/LustandLoveEU\\\/\",\"https:\\\/\\\/www.instagram.com\\\/lustandloveeu\\\/\"]}]}<\/script>\n<!-- \/ Yoast SEO plugin. -->","yoast_head_json":{"title":"Bia J\u00e4nkuvibraator \u00f5husurvestimulaatoriga | Lust and Love","description":"Mitmek\u00fclgne kahe-\u00fches vibraator, millel on \u00f5hupulssstimulaator kliitori imemiseks ja s\u00fcgavad, m\u00fcrisevad vibratsioonid G-tsooni stimuleerimiseks.","robots":{"index,follow,max-snippet":"index,follow,max-snippet:-1,max-image-preview:large,max-video-preview:-1"},"canonical":"https:\/\/lustandlove.eu\/et\/toode\/bia-jankuvibraator-ohusurvestimulaatoriga\/","schema":{"@context":"https:\/\/schema.org","@graph":[{"@type":["WebPage","ItemPage"],"@id":"https:\/\/lustandlove.eu\/et\/toode\/bia-jankuvibraator-ohusurvestimulaatoriga\/","url":"https:\/\/lustandlove.eu\/et\/toode\/bia-jankuvibraator-ohusurvestimulaatoriga\/","name":"Bia J\u00e4nkuvibraator \u00f5husurvestimulaatoriga | Lust and Love","isPartOf":{"@id":"https:\/\/lustandlove.eu\/et\/#website"},"primaryImageOfPage":{"@id":"https:\/\/lustandlove.eu\/et\/toode\/bia-jankuvibraator-ohusurvestimulaatoriga\/#primaryimage"},"image":{"@id":"https:\/\/lustandlove.eu\/et\/toode\/bia-jankuvibraator-ohusurvestimulaatoriga\/#primaryimage"},"thumbnailUrl":"https:\/\/lustandlove.eu\/wp-content\/uploads\/peech-vibrator-bia-vibrator-og-stimulator-0796554105307-1215701590.jpg.jpeg","datePublished":"2026-02-25T08:45:17+00:00","dateModified":"2026-04-13T07:26:16+00:00","description":"Mitmek\u00fclgne kahe-\u00fches vibraator, millel on \u00f5hupulssstimulaator kliitori imemiseks ja s\u00fcgavad, m\u00fcrisevad vibratsioonid G-tsooni stimuleerimiseks.","breadcrumb":{"@id":"https:\/\/lustandlove.eu\/et\/toode\/bia-jankuvibraator-ohusurvestimulaatoriga\/#breadcrumb"},"inLanguage":"et","potentialAction":[{"@type":"ReadAction","target":["https:\/\/lustandlove.eu\/et\/toode\/bia-jankuvibraator-ohusurvestimulaatoriga\/"]}]},{"@type":"ImageObject","inLanguage":"et","@id":"https:\/\/lustandlove.eu\/et\/toode\/bia-jankuvibraator-ohusurvestimulaatoriga\/#primaryimage","url":"https:\/\/lustandlove.eu\/wp-content\/uploads\/peech-vibrator-bia-vibrator-og-stimulator-0796554105307-1215701590.jpg.jpeg","contentUrl":"https:\/\/lustandlove.eu\/wp-content\/uploads\/peech-vibrator-bia-vibrator-og-stimulator-0796554105307-1215701590.jpg.jpeg","width":1400,"height":1400},{"@type":"BreadcrumbList","@id":"https:\/\/lustandlove.eu\/et\/toode\/bia-jankuvibraator-ohusurvestimulaatoriga\/#breadcrumb","itemListElement":[{"@type":"ListItem","position":1,"name":"Lust and Love","item":"https:\/\/lustandlove.eu\/et\/"},{"@type":"ListItem","position":2,"name":"Pood","item":"https:\/\/lustandlove.eu\/et\/pood\/"},{"@type":"ListItem","position":3,"name":"Sekslelud","item":"https:\/\/lustandlove.eu\/et\/pood\/sekslelud\/"},{"@type":"ListItem","position":4,"name":"Vibraatorid","item":"https:\/\/lustandlove.eu\/et\/pood\/sekslelud\/vibraatorid\/"},{"@type":"ListItem","position":5,"name":"J\u00e4nese","item":"https:\/\/lustandlove.eu\/et\/pood\/sekslelud\/vibraatorid\/janese\/"},{"@type":"ListItem","position":6,"name":"Bia J\u00e4nkuvibraator \u00f5husurvestimulaatoriga"}]},{"@type":"WebSite","@id":"https:\/\/lustandlove.eu\/et\/#website","url":"https:\/\/lustandlove.eu\/et\/","name":"Lust & Love","description":"Online erootikapood tervise, ilu ja armastuse jaoks","publisher":{"@id":"https:\/\/lustandlove.eu\/et\/#organization"},"potentialAction":[{"@type":"SearchAction","target":{"@type":"EntryPoint","urlTemplate":"https:\/\/lustandlove.eu\/et\/?s={search_term_string}"},"query-input":{"@type":"PropertyValueSpecification","valueRequired":true,"valueName":"search_term_string"}}],"inLanguage":"et"},{"@type":"Organization","@id":"https:\/\/lustandlove.eu\/et\/#organization","name":"Bioconcept Baltics O\u00dc","url":"https:\/\/lustandlove.eu\/et\/","logo":{"@type":"ImageObject","inLanguage":"et","@id":"https:\/\/lustandlove.eu\/et\/#\/schema\/logo\/image\/","url":"https:\/\/lustandlove.eu\/wp-content\/uploads\/logo-full-2.png","contentUrl":"https:\/\/lustandlove.eu\/wp-content\/uploads\/logo-full-2.png","width":837,"height":200,"caption":"Bioconcept Baltics O\u00dc"},"image":{"@id":"https:\/\/lustandlove.eu\/et\/#\/schema\/logo\/image\/"},"sameAs":["https:\/\/www.facebook.com\/LustandLoveEU\/","https:\/\/www.instagram.com\/lustandloveeu\/"]}]}},"_links":{"self":[{"href":"https:\/\/lustandlove.eu\/et\/wp-json\/wp\/v2\/product\/95331","targetHints":{"allow":["GET"]}}],"collection":[{"href":"https:\/\/lustandlove.eu\/et\/wp-json\/wp\/v2\/product"}],"about":[{"href":"https:\/\/lustandlove.eu\/et\/wp-json\/wp\/v2\/types\/product"}],"wp:featuredmedia":[{"embeddable":true,"href":"https:\/\/lustandlove.eu\/et\/wp-json\/wp\/v2\/media\/95337"}],"wp:attachment":[{"href":"https:\/\/lustandlove.eu\/et\/wp-json\/wp\/v2\/media?parent=95331"}],"wp:term":[{"taxonomy":"product_brand","embeddable":true,"href":"https:\/\/lustandlove.eu\/et\/wp-json\/wp\/v2\/product_brand?post=95331"},{"taxonomy":"product_cat","embeddable":true,"href":"https:\/\/lustandlove.eu\/et\/wp-json\/wp\/v2\/product_cat?post=95331"},{"taxonomy":"product_tag","embeddable":true,"href":"https:\/\/lustandlove.eu\/et\/wp-json\/wp\/v2\/product_tag?post=95331"}],"curies":[{"name":"wp","href":"https:\/\/api.w.org\/{rel}","templated":true}]}}