{"id":95339,"date":"2026-02-25T11:04:34","date_gmt":"2026-02-25T09:04:35","guid":{"rendered":"https:\/\/lustandlove.eu\/?post_type=product&#038;p=95339"},"modified":"2026-04-13T10:26:16","modified_gmt":"2026-04-13T07:26:16","slug":"strive-vibreeriv-anaaltapp-copy","status":"publish","type":"product","link":"https:\/\/lustandlove.eu\/et\/toode\/strive-vibreeriv-anaaltapp-copy\/","title":{"rendered":"Beam vibreeriv anaaltapp"},"content":{"rendered":"<p>Vibreerib anaaltapp tagab t\u00e4nu oma kindlale iminapale, et see p\u00fcsib kasutamise ajal kindlalt paigas \u2013 isegi k\u00e4ed-vabad m\u00e4ngude ajal. K\u00f5verate, paindlike vormide ja siidise sileda pinnaga Beam on loodud pakkuma t\u00e4pset stimulatsiooni, kas kasutate seda anaal- v\u00f5i vaginaalselt.<\/p>\n<p>Sees on v\u00f5imas mootor 3 vibratsiooni intensiivsusega ja 7 erineva vibratsioonimustriga, mis annab sulle palju v\u00f5imalusi leida just see, mis sulle k\u00f5ige paremini sobib. Vibratsioonid on \u00fchtlaselt jaotunud kogu anaaltapis ja pakuvavad s\u00fcgavat stimuleerimist. Kasuta seda veep\u00f5hise libestiga, et sisestamine oleks sujuvam ja mugavam.<\/p>\n<p>Vibreeriv anaaltapp on valmistatud pehmest, kehale ohutust silikoonist, mis on nahale mugav ja ohutu kasutada. Tugev alus tagab, et see p\u00fcsib kasutamise ajal paigal, ja intuitiivne disain muudab selle juhtimise lihtsaks. Beam on laetav ja komplektis on kaasas laadija, nii et oled alati valmis, kui soov tekib.<\/p>\n<p>Beam on 100% veekindel, nii et v\u00f5id selle kaasa v\u00f5tta vannituppa, et saada veelgi sensuaalsem kogemus \u2013 v\u00f5i lihtsalt puhastada seda kergesti ja vaevata. Loputa leige veega ja <a href=\"https:\/\/lustandlove.eu\/et\/toode\/lelupuhastaja\/\">m\u00e4nguasjade puhastusvahendiga<\/a> v\u00f5i pehme seebiga ning kuivata pehme lapiga. Kui Beamit ei kasuta, hoia seda kuivas kohas ja otsese p\u00e4ikesevalguse eest kaitstult, n\u00e4iteks riidest kotis v\u00f5i sahtlis.<\/p>\n<p>S\u00f5ltumata sellest, kas sul on anaalseksi kogemusi v\u00f5i mitte, on see vibreeriv anaaltapp mitmek\u00fclgne ja nauditav valik.<\/p>\n<p>M\u00f5\u00f5tmed:<br \/>\nSisestamise pikkus: 12 cm<br \/>\nMaksimaalne l\u00e4bim\u00f5\u00f5t: 4 cm<\/p>\n","protected":false},"excerpt":{"rendered":"<p><strong>Beam \u2013 elegantne ja intensiivne vibreeriv anaaltapp<\/strong><\/p>\n<p>Beam anaaltapp on m\u00f5eldud neile, kes soovivad intensiivset, sihip\u00e4rast stimulatsiooni, mis on sujuv ja ahvatlev. Vibreeriv anaaltapp on ergonoomilise kujuga, \u00f5hukese otsaga ja laiem keskosaga, mis annab t\u00e4ieliku tunde, ilma et see oleks liiga palju.<\/p>\n","protected":false},"featured_media":95345,"template":"","meta":[],"product_brand":[4229],"product_cat":[1491,1484],"product_tag":[],"class_list":{"0":"post-95339","1":"product","2":"type-product","3":"status-publish","4":"has-post-thumbnail","6":"product_brand-peech-et","7":"product_cat-anaallelud","8":"product_cat-sekslelud","9":"pa_brand-peech-et","11":"first","12":"instock","13":"taxable","14":"shipping-taxable","15":"purchasable","16":"product-type-simple"},"yoast_head":"<!-- This site is optimized with the Yoast SEO plugin v27.4 - https:\/\/yoast.com\/product\/yoast-seo-wordpress\/ -->\n<title>Beam vibreeriv anaaltapp | Lust and Love<\/title>\n<meta name=\"description\" content=\"Beam vibreeriv anaaltapp on ergonoomilise kujuga, \u00f5hukese otsaga ja laiem keskosaga, mis annab t\u00e4ieliku t\u00e4itustunde, ilma et see oleks liiga palju.\" \/>\n<meta name=\"robots\" content=\"index,follow,max-snippet:-1,max-image-preview:large,max-video-preview:-1\" \/>\n<link rel=\"canonical\" href=\"https:\/\/lustandlove.eu\/et\/toode\/strive-vibreeriv-anaaltapp-copy\/\" \/>\n<script type=\"application\/ld+json\" class=\"yoast-schema-graph\">{\"@context\":\"https:\\\/\\\/schema.org\",\"@graph\":[{\"@type\":[\"WebPage\",\"ItemPage\"],\"@id\":\"https:\\\/\\\/lustandlove.eu\\\/et\\\/toode\\\/strive-vibreeriv-anaaltapp-copy\\\/\",\"url\":\"https:\\\/\\\/lustandlove.eu\\\/et\\\/toode\\\/strive-vibreeriv-anaaltapp-copy\\\/\",\"name\":\"Beam vibreeriv anaaltapp | Lust and Love\",\"isPartOf\":{\"@id\":\"https:\\\/\\\/lustandlove.eu\\\/et\\\/#website\"},\"primaryImageOfPage\":{\"@id\":\"https:\\\/\\\/lustandlove.eu\\\/et\\\/toode\\\/strive-vibreeriv-anaaltapp-copy\\\/#primaryimage\"},\"image\":{\"@id\":\"https:\\\/\\\/lustandlove.eu\\\/et\\\/toode\\\/strive-vibreeriv-anaaltapp-copy\\\/#primaryimage\"},\"thumbnailUrl\":\"https:\\\/\\\/lustandlove.eu\\\/wp-content\\\/uploads\\\/peech-beam-0745314060349-1183347023.jpg.jpeg\",\"datePublished\":\"2026-02-25T09:04:35+00:00\",\"dateModified\":\"2026-04-13T07:26:16+00:00\",\"description\":\"Beam vibreeriv anaaltapp on ergonoomilise kujuga, \u00f5hukese otsaga ja laiem keskosaga, mis annab t\u00e4ieliku t\u00e4itustunde, ilma et see oleks liiga palju.\",\"breadcrumb\":{\"@id\":\"https:\\\/\\\/lustandlove.eu\\\/et\\\/toode\\\/strive-vibreeriv-anaaltapp-copy\\\/#breadcrumb\"},\"inLanguage\":\"et\",\"potentialAction\":[{\"@type\":\"ReadAction\",\"target\":[\"https:\\\/\\\/lustandlove.eu\\\/et\\\/toode\\\/strive-vibreeriv-anaaltapp-copy\\\/\"]}]},{\"@type\":\"ImageObject\",\"inLanguage\":\"et\",\"@id\":\"https:\\\/\\\/lustandlove.eu\\\/et\\\/toode\\\/strive-vibreeriv-anaaltapp-copy\\\/#primaryimage\",\"url\":\"https:\\\/\\\/lustandlove.eu\\\/wp-content\\\/uploads\\\/peech-beam-0745314060349-1183347023.jpg.jpeg\",\"contentUrl\":\"https:\\\/\\\/lustandlove.eu\\\/wp-content\\\/uploads\\\/peech-beam-0745314060349-1183347023.jpg.jpeg\",\"width\":1400,\"height\":1400},{\"@type\":\"BreadcrumbList\",\"@id\":\"https:\\\/\\\/lustandlove.eu\\\/et\\\/toode\\\/strive-vibreeriv-anaaltapp-copy\\\/#breadcrumb\",\"itemListElement\":[{\"@type\":\"ListItem\",\"position\":1,\"name\":\"Lust and Love\",\"item\":\"https:\\\/\\\/lustandlove.eu\\\/et\\\/\"},{\"@type\":\"ListItem\",\"position\":2,\"name\":\"Pood\",\"item\":\"https:\\\/\\\/lustandlove.eu\\\/et\\\/pood\\\/\"},{\"@type\":\"ListItem\",\"position\":3,\"name\":\"Sekslelud\",\"item\":\"https:\\\/\\\/lustandlove.eu\\\/et\\\/pood\\\/sekslelud\\\/\"},{\"@type\":\"ListItem\",\"position\":4,\"name\":\"Anaallelud\",\"item\":\"https:\\\/\\\/lustandlove.eu\\\/et\\\/pood\\\/sekslelud\\\/anaallelud\\\/\"},{\"@type\":\"ListItem\",\"position\":5,\"name\":\"Beam vibreeriv anaaltapp\"}]},{\"@type\":\"WebSite\",\"@id\":\"https:\\\/\\\/lustandlove.eu\\\/et\\\/#website\",\"url\":\"https:\\\/\\\/lustandlove.eu\\\/et\\\/\",\"name\":\"Lust & Love\",\"description\":\"Online erootikapood tervise, ilu ja armastuse jaoks\",\"publisher\":{\"@id\":\"https:\\\/\\\/lustandlove.eu\\\/et\\\/#organization\"},\"potentialAction\":[{\"@type\":\"SearchAction\",\"target\":{\"@type\":\"EntryPoint\",\"urlTemplate\":\"https:\\\/\\\/lustandlove.eu\\\/et\\\/?s={search_term_string}\"},\"query-input\":{\"@type\":\"PropertyValueSpecification\",\"valueRequired\":true,\"valueName\":\"search_term_string\"}}],\"inLanguage\":\"et\"},{\"@type\":\"Organization\",\"@id\":\"https:\\\/\\\/lustandlove.eu\\\/et\\\/#organization\",\"name\":\"Bioconcept Baltics O\u00dc\",\"url\":\"https:\\\/\\\/lustandlove.eu\\\/et\\\/\",\"logo\":{\"@type\":\"ImageObject\",\"inLanguage\":\"et\",\"@id\":\"https:\\\/\\\/lustandlove.eu\\\/et\\\/#\\\/schema\\\/logo\\\/image\\\/\",\"url\":\"https:\\\/\\\/lustandlove.eu\\\/wp-content\\\/uploads\\\/logo-full-2.png\",\"contentUrl\":\"https:\\\/\\\/lustandlove.eu\\\/wp-content\\\/uploads\\\/logo-full-2.png\",\"width\":837,\"height\":200,\"caption\":\"Bioconcept Baltics O\u00dc\"},\"image\":{\"@id\":\"https:\\\/\\\/lustandlove.eu\\\/et\\\/#\\\/schema\\\/logo\\\/image\\\/\"},\"sameAs\":[\"https:\\\/\\\/www.facebook.com\\\/LustandLoveEU\\\/\",\"https:\\\/\\\/www.instagram.com\\\/lustandloveeu\\\/\"]}]}<\/script>\n<!-- \/ Yoast SEO plugin. -->","yoast_head_json":{"title":"Beam vibreeriv anaaltapp | Lust and Love","description":"Beam vibreeriv anaaltapp on ergonoomilise kujuga, \u00f5hukese otsaga ja laiem keskosaga, mis annab t\u00e4ieliku t\u00e4itustunde, ilma et see oleks liiga palju.","robots":{"index,follow,max-snippet":"index,follow,max-snippet:-1,max-image-preview:large,max-video-preview:-1"},"canonical":"https:\/\/lustandlove.eu\/et\/toode\/strive-vibreeriv-anaaltapp-copy\/","schema":{"@context":"https:\/\/schema.org","@graph":[{"@type":["WebPage","ItemPage"],"@id":"https:\/\/lustandlove.eu\/et\/toode\/strive-vibreeriv-anaaltapp-copy\/","url":"https:\/\/lustandlove.eu\/et\/toode\/strive-vibreeriv-anaaltapp-copy\/","name":"Beam vibreeriv anaaltapp | Lust and Love","isPartOf":{"@id":"https:\/\/lustandlove.eu\/et\/#website"},"primaryImageOfPage":{"@id":"https:\/\/lustandlove.eu\/et\/toode\/strive-vibreeriv-anaaltapp-copy\/#primaryimage"},"image":{"@id":"https:\/\/lustandlove.eu\/et\/toode\/strive-vibreeriv-anaaltapp-copy\/#primaryimage"},"thumbnailUrl":"https:\/\/lustandlove.eu\/wp-content\/uploads\/peech-beam-0745314060349-1183347023.jpg.jpeg","datePublished":"2026-02-25T09:04:35+00:00","dateModified":"2026-04-13T07:26:16+00:00","description":"Beam vibreeriv anaaltapp on ergonoomilise kujuga, \u00f5hukese otsaga ja laiem keskosaga, mis annab t\u00e4ieliku t\u00e4itustunde, ilma et see oleks liiga palju.","breadcrumb":{"@id":"https:\/\/lustandlove.eu\/et\/toode\/strive-vibreeriv-anaaltapp-copy\/#breadcrumb"},"inLanguage":"et","potentialAction":[{"@type":"ReadAction","target":["https:\/\/lustandlove.eu\/et\/toode\/strive-vibreeriv-anaaltapp-copy\/"]}]},{"@type":"ImageObject","inLanguage":"et","@id":"https:\/\/lustandlove.eu\/et\/toode\/strive-vibreeriv-anaaltapp-copy\/#primaryimage","url":"https:\/\/lustandlove.eu\/wp-content\/uploads\/peech-beam-0745314060349-1183347023.jpg.jpeg","contentUrl":"https:\/\/lustandlove.eu\/wp-content\/uploads\/peech-beam-0745314060349-1183347023.jpg.jpeg","width":1400,"height":1400},{"@type":"BreadcrumbList","@id":"https:\/\/lustandlove.eu\/et\/toode\/strive-vibreeriv-anaaltapp-copy\/#breadcrumb","itemListElement":[{"@type":"ListItem","position":1,"name":"Lust and Love","item":"https:\/\/lustandlove.eu\/et\/"},{"@type":"ListItem","position":2,"name":"Pood","item":"https:\/\/lustandlove.eu\/et\/pood\/"},{"@type":"ListItem","position":3,"name":"Sekslelud","item":"https:\/\/lustandlove.eu\/et\/pood\/sekslelud\/"},{"@type":"ListItem","position":4,"name":"Anaallelud","item":"https:\/\/lustandlove.eu\/et\/pood\/sekslelud\/anaallelud\/"},{"@type":"ListItem","position":5,"name":"Beam vibreeriv anaaltapp"}]},{"@type":"WebSite","@id":"https:\/\/lustandlove.eu\/et\/#website","url":"https:\/\/lustandlove.eu\/et\/","name":"Lust & Love","description":"Online erootikapood tervise, ilu ja armastuse jaoks","publisher":{"@id":"https:\/\/lustandlove.eu\/et\/#organization"},"potentialAction":[{"@type":"SearchAction","target":{"@type":"EntryPoint","urlTemplate":"https:\/\/lustandlove.eu\/et\/?s={search_term_string}"},"query-input":{"@type":"PropertyValueSpecification","valueRequired":true,"valueName":"search_term_string"}}],"inLanguage":"et"},{"@type":"Organization","@id":"https:\/\/lustandlove.eu\/et\/#organization","name":"Bioconcept Baltics O\u00dc","url":"https:\/\/lustandlove.eu\/et\/","logo":{"@type":"ImageObject","inLanguage":"et","@id":"https:\/\/lustandlove.eu\/et\/#\/schema\/logo\/image\/","url":"https:\/\/lustandlove.eu\/wp-content\/uploads\/logo-full-2.png","contentUrl":"https:\/\/lustandlove.eu\/wp-content\/uploads\/logo-full-2.png","width":837,"height":200,"caption":"Bioconcept Baltics O\u00dc"},"image":{"@id":"https:\/\/lustandlove.eu\/et\/#\/schema\/logo\/image\/"},"sameAs":["https:\/\/www.facebook.com\/LustandLoveEU\/","https:\/\/www.instagram.com\/lustandloveeu\/"]}]}},"_links":{"self":[{"href":"https:\/\/lustandlove.eu\/et\/wp-json\/wp\/v2\/product\/95339","targetHints":{"allow":["GET"]}}],"collection":[{"href":"https:\/\/lustandlove.eu\/et\/wp-json\/wp\/v2\/product"}],"about":[{"href":"https:\/\/lustandlove.eu\/et\/wp-json\/wp\/v2\/types\/product"}],"wp:featuredmedia":[{"embeddable":true,"href":"https:\/\/lustandlove.eu\/et\/wp-json\/wp\/v2\/media\/95345"}],"wp:attachment":[{"href":"https:\/\/lustandlove.eu\/et\/wp-json\/wp\/v2\/media?parent=95339"}],"wp:term":[{"taxonomy":"product_brand","embeddable":true,"href":"https:\/\/lustandlove.eu\/et\/wp-json\/wp\/v2\/product_brand?post=95339"},{"taxonomy":"product_cat","embeddable":true,"href":"https:\/\/lustandlove.eu\/et\/wp-json\/wp\/v2\/product_cat?post=95339"},{"taxonomy":"product_tag","embeddable":true,"href":"https:\/\/lustandlove.eu\/et\/wp-json\/wp\/v2\/product_tag?post=95339"}],"curies":[{"name":"wp","href":"https:\/\/api.w.org\/{rel}","templated":true}]}}