{"id":95349,"date":"2026-02-25T11:51:11","date_gmt":"2026-02-25T09:51:11","guid":{"rendered":"https:\/\/lustandlove.eu\/?post_type=product&#038;p=95349"},"modified":"2026-04-13T10:26:16","modified_gmt":"2026-04-13T07:26:16","slug":"peechy-kaardid-tode-voi-tegu","status":"publish","type":"product","link":"https:\/\/lustandlove.eu\/et\/toode\/peechy-kaardid-tode-voi-tegu\/","title":{"rendered":"Peechy Kaardid &#8211; T\u00f5de v\u00f5i Tegu"},"content":{"rendered":"<p>M\u00e4ng \u201eT\u00f5de v\u00f5i Tegu\u201d sisaldab nii \u201et\u00f5e\u201d kui ka \u201etegude\u201d kaarte. T\u00f5de n\u00f5uab, et vastaksite k\u00fcsimusele, ja tegude kaartid sisaldavad m\u00e4ngulisi ja sensuaalseid tegevusi. Olgu tegemist uue asja proovimisega v\u00f5i suhtes ootamatute aspektide avastamisega, on see m\u00e4ng suurep\u00e4rane viis \u00fcksteist paremini tundma \u00f5ppida.<\/p>\n<p>Et saaksite m\u00e4ngu oma tingimustel juhtida, sisaldab \u201eT\u00f5de v\u00f5i Tegu\u201d ka nelja vaba kaarti. Need vabad kaardid v\u00f5imaldavad teil soovi korral kaardi vahele j\u00e4tta, et saaksite keskenduda elementidele, mis teile sobivad ja turvalised tunduvad.<\/p>\n<p>52 kaarti<br \/>\n4 vaba kaarti<\/p>\n","protected":false},"excerpt":{"rendered":"<p><strong>Kaardim\u00e4ngud kuumaks m\u00e4ngimiseks<\/strong><\/p>\n<p>Sukeldu intiimsuse maailma ja m\u00e4ngi m\u00e4ngu \u201eT\u00f5de v\u00f5i tegu\u2013 kuid seksikamalt\u201d. See m\u00e4ng on loodud selleks, et teid \u00fcksteisele l\u00e4hemale tuua ja luua koos armsaid, erutavaid hetki.<\/p>\n","protected":false},"featured_media":95351,"template":"","meta":[],"product_brand":[4229],"product_cat":[4009,4010],"product_tag":[],"class_list":{"0":"post-95349","1":"product","2":"type-product","3":"status-publish","4":"has-post-thumbnail","6":"product_brand-peech-et","7":"product_cat-lobu-mangud","8":"product_cat-mangud","9":"pa_brand-peech-et","11":"first","12":"instock","13":"taxable","14":"shipping-taxable","15":"purchasable","16":"product-type-simple"},"yoast_head":"<!-- This site is optimized with the Yoast SEO plugin v27.3 - https:\/\/yoast.com\/product\/yoast-seo-wordpress\/ -->\n<title>Peechy Kaardid - T\u00f5de v\u00f5i Tegu | Lust and Love<\/title>\n<meta name=\"description\" content=\"Sukelduge intiimsuse maailma ja m\u00e4ngige m\u00e4ngu \u201eT\u00f5de v\u00f5i Tegu \u2013 kuid seksikamalt\u201d. See t\u00f5de v\u00f5i tegu kaardim\u00e4ng on loodud teid \u00fcksteisele l\u00e4hemale tooma.\" \/>\n<meta name=\"robots\" content=\"index,follow,max-snippet:-1,max-image-preview:large,max-video-preview:-1\" \/>\n<link rel=\"canonical\" href=\"https:\/\/lustandlove.eu\/et\/toode\/peechy-kaardid-tode-voi-tegu\/\" \/>\n<meta name=\"twitter:card\" content=\"summary_large_image\" \/>\n<meta name=\"twitter:title\" content=\"Peechy Kaardid - T\u00f5de v\u00f5i Tegu | Lust and Love\" \/>\n<meta name=\"twitter:description\" content=\"Sukelduge intiimsuse maailma ja m\u00e4ngige m\u00e4ngu \u201eT\u00f5de v\u00f5i Tegu \u2013 kuid seksikamalt\u201d. See t\u00f5de v\u00f5i tegu kaardim\u00e4ng on loodud teid \u00fcksteisele l\u00e4hemale tooma.\" \/>\n<meta name=\"twitter:image\" content=\"https:\/\/lustandlove.eu\/wp-content\/uploads\/peech-andet-peechy-cards-truth-or-dare-but-sexy-59305933144407.jpg.jpeg\" \/>\n<meta name=\"twitter:label1\" content=\"Est. reading time\" \/>\n\t<meta name=\"twitter:data1\" content=\"1 minut\" \/>\n<script type=\"application\/ld+json\" class=\"yoast-schema-graph\">{\"@context\":\"https:\\\/\\\/schema.org\",\"@graph\":[{\"@type\":[\"WebPage\",\"ItemPage\"],\"@id\":\"https:\\\/\\\/lustandlove.eu\\\/et\\\/toode\\\/peechy-kaardid-tode-voi-tegu\\\/\",\"url\":\"https:\\\/\\\/lustandlove.eu\\\/et\\\/toode\\\/peechy-kaardid-tode-voi-tegu\\\/\",\"name\":\"Peechy Kaardid - T\u00f5de v\u00f5i Tegu | Lust and Love\",\"isPartOf\":{\"@id\":\"https:\\\/\\\/lustandlove.eu\\\/et\\\/#website\"},\"primaryImageOfPage\":{\"@id\":\"https:\\\/\\\/lustandlove.eu\\\/et\\\/toode\\\/peechy-kaardid-tode-voi-tegu\\\/#primaryimage\"},\"image\":{\"@id\":\"https:\\\/\\\/lustandlove.eu\\\/et\\\/toode\\\/peechy-kaardid-tode-voi-tegu\\\/#primaryimage\"},\"thumbnailUrl\":\"https:\\\/\\\/lustandlove.eu\\\/wp-content\\\/uploads\\\/peech-andet-peechy-cards-truth-or-dare-but-sexy-59305933144407.jpg.jpeg\",\"datePublished\":\"2026-02-25T09:51:11+00:00\",\"dateModified\":\"2026-04-13T07:26:16+00:00\",\"description\":\"Sukelduge intiimsuse maailma ja m\u00e4ngige m\u00e4ngu \u201eT\u00f5de v\u00f5i Tegu \u2013 kuid seksikamalt\u201d. See t\u00f5de v\u00f5i tegu kaardim\u00e4ng on loodud teid \u00fcksteisele l\u00e4hemale tooma.\",\"breadcrumb\":{\"@id\":\"https:\\\/\\\/lustandlove.eu\\\/et\\\/toode\\\/peechy-kaardid-tode-voi-tegu\\\/#breadcrumb\"},\"inLanguage\":\"et\",\"potentialAction\":[{\"@type\":\"ReadAction\",\"target\":[\"https:\\\/\\\/lustandlove.eu\\\/et\\\/toode\\\/peechy-kaardid-tode-voi-tegu\\\/\"]}]},{\"@type\":\"ImageObject\",\"inLanguage\":\"et\",\"@id\":\"https:\\\/\\\/lustandlove.eu\\\/et\\\/toode\\\/peechy-kaardid-tode-voi-tegu\\\/#primaryimage\",\"url\":\"https:\\\/\\\/lustandlove.eu\\\/wp-content\\\/uploads\\\/peech-andet-peechy-cards-truth-or-dare-but-sexy-59305933144407.jpg.jpeg\",\"contentUrl\":\"https:\\\/\\\/lustandlove.eu\\\/wp-content\\\/uploads\\\/peech-andet-peechy-cards-truth-or-dare-but-sexy-59305933144407.jpg.jpeg\",\"width\":1400,\"height\":1400},{\"@type\":\"BreadcrumbList\",\"@id\":\"https:\\\/\\\/lustandlove.eu\\\/et\\\/toode\\\/peechy-kaardid-tode-voi-tegu\\\/#breadcrumb\",\"itemListElement\":[{\"@type\":\"ListItem\",\"position\":1,\"name\":\"Lust and Love\",\"item\":\"https:\\\/\\\/lustandlove.eu\\\/et\\\/\"},{\"@type\":\"ListItem\",\"position\":2,\"name\":\"Pood\",\"item\":\"https:\\\/\\\/lustandlove.eu\\\/et\\\/pood\\\/\"},{\"@type\":\"ListItem\",\"position\":3,\"name\":\"L\u00f5bu &amp; M\u00e4ngud\",\"item\":\"https:\\\/\\\/lustandlove.eu\\\/et\\\/pood\\\/lobu-mangud\\\/\"},{\"@type\":\"ListItem\",\"position\":4,\"name\":\"M\u00e4ngud\",\"item\":\"https:\\\/\\\/lustandlove.eu\\\/et\\\/pood\\\/lobu-mangud\\\/mangud\\\/\"},{\"@type\":\"ListItem\",\"position\":5,\"name\":\"Peechy Kaardid &#8211; T\u00f5de v\u00f5i Tegu\"}]},{\"@type\":\"WebSite\",\"@id\":\"https:\\\/\\\/lustandlove.eu\\\/et\\\/#website\",\"url\":\"https:\\\/\\\/lustandlove.eu\\\/et\\\/\",\"name\":\"Lust &amp; Love\",\"description\":\"Online erootikapood tervise, ilu ja armastuse jaoks\",\"publisher\":{\"@id\":\"https:\\\/\\\/lustandlove.eu\\\/et\\\/#organization\"},\"potentialAction\":[{\"@type\":\"SearchAction\",\"target\":{\"@type\":\"EntryPoint\",\"urlTemplate\":\"https:\\\/\\\/lustandlove.eu\\\/et\\\/?s={search_term_string}\"},\"query-input\":{\"@type\":\"PropertyValueSpecification\",\"valueRequired\":true,\"valueName\":\"search_term_string\"}}],\"inLanguage\":\"et\"},{\"@type\":\"Organization\",\"@id\":\"https:\\\/\\\/lustandlove.eu\\\/et\\\/#organization\",\"name\":\"Bioconcept Baltics O\u00dc\",\"url\":\"https:\\\/\\\/lustandlove.eu\\\/et\\\/\",\"logo\":{\"@type\":\"ImageObject\",\"inLanguage\":\"et\",\"@id\":\"https:\\\/\\\/lustandlove.eu\\\/et\\\/#\\\/schema\\\/logo\\\/image\\\/\",\"url\":\"\",\"contentUrl\":\"\",\"caption\":\"Bioconcept Baltics O\u00dc\"},\"image\":{\"@id\":\"https:\\\/\\\/lustandlove.eu\\\/et\\\/#\\\/schema\\\/logo\\\/image\\\/\"},\"sameAs\":[\"https:\\\/\\\/www.facebook.com\\\/LustandLoveEU\\\/\",\"https:\\\/\\\/www.instagram.com\\\/lustandloveeu\\\/\"]}]}<\/script>\n<!-- \/ Yoast SEO plugin. -->","yoast_head_json":{"title":"Peechy Kaardid - T\u00f5de v\u00f5i Tegu | Lust and Love","description":"Sukelduge intiimsuse maailma ja m\u00e4ngige m\u00e4ngu \u201eT\u00f5de v\u00f5i Tegu \u2013 kuid seksikamalt\u201d. See t\u00f5de v\u00f5i tegu kaardim\u00e4ng on loodud teid \u00fcksteisele l\u00e4hemale tooma.","robots":{"index,follow,max-snippet":"index,follow,max-snippet:-1,max-image-preview:large,max-video-preview:-1"},"canonical":"https:\/\/lustandlove.eu\/et\/toode\/peechy-kaardid-tode-voi-tegu\/","twitter_card":"summary_large_image","twitter_title":"Peechy Kaardid - T\u00f5de v\u00f5i Tegu | Lust and Love","twitter_description":"Sukelduge intiimsuse maailma ja m\u00e4ngige m\u00e4ngu \u201eT\u00f5de v\u00f5i Tegu \u2013 kuid seksikamalt\u201d. See t\u00f5de v\u00f5i tegu kaardim\u00e4ng on loodud teid \u00fcksteisele l\u00e4hemale tooma.","twitter_image":"https:\/\/lustandlove.eu\/wp-content\/uploads\/peech-andet-peechy-cards-truth-or-dare-but-sexy-59305933144407.jpg.jpeg","twitter_misc":{"Est. reading time":"1 minut"},"schema":{"@context":"https:\/\/schema.org","@graph":[{"@type":["WebPage","ItemPage"],"@id":"https:\/\/lustandlove.eu\/et\/toode\/peechy-kaardid-tode-voi-tegu\/","url":"https:\/\/lustandlove.eu\/et\/toode\/peechy-kaardid-tode-voi-tegu\/","name":"Peechy Kaardid - T\u00f5de v\u00f5i Tegu | Lust and Love","isPartOf":{"@id":"https:\/\/lustandlove.eu\/et\/#website"},"primaryImageOfPage":{"@id":"https:\/\/lustandlove.eu\/et\/toode\/peechy-kaardid-tode-voi-tegu\/#primaryimage"},"image":{"@id":"https:\/\/lustandlove.eu\/et\/toode\/peechy-kaardid-tode-voi-tegu\/#primaryimage"},"thumbnailUrl":"https:\/\/lustandlove.eu\/wp-content\/uploads\/peech-andet-peechy-cards-truth-or-dare-but-sexy-59305933144407.jpg.jpeg","datePublished":"2026-02-25T09:51:11+00:00","dateModified":"2026-04-13T07:26:16+00:00","description":"Sukelduge intiimsuse maailma ja m\u00e4ngige m\u00e4ngu \u201eT\u00f5de v\u00f5i Tegu \u2013 kuid seksikamalt\u201d. See t\u00f5de v\u00f5i tegu kaardim\u00e4ng on loodud teid \u00fcksteisele l\u00e4hemale tooma.","breadcrumb":{"@id":"https:\/\/lustandlove.eu\/et\/toode\/peechy-kaardid-tode-voi-tegu\/#breadcrumb"},"inLanguage":"et","potentialAction":[{"@type":"ReadAction","target":["https:\/\/lustandlove.eu\/et\/toode\/peechy-kaardid-tode-voi-tegu\/"]}]},{"@type":"ImageObject","inLanguage":"et","@id":"https:\/\/lustandlove.eu\/et\/toode\/peechy-kaardid-tode-voi-tegu\/#primaryimage","url":"https:\/\/lustandlove.eu\/wp-content\/uploads\/peech-andet-peechy-cards-truth-or-dare-but-sexy-59305933144407.jpg.jpeg","contentUrl":"https:\/\/lustandlove.eu\/wp-content\/uploads\/peech-andet-peechy-cards-truth-or-dare-but-sexy-59305933144407.jpg.jpeg","width":1400,"height":1400},{"@type":"BreadcrumbList","@id":"https:\/\/lustandlove.eu\/et\/toode\/peechy-kaardid-tode-voi-tegu\/#breadcrumb","itemListElement":[{"@type":"ListItem","position":1,"name":"Lust and Love","item":"https:\/\/lustandlove.eu\/et\/"},{"@type":"ListItem","position":2,"name":"Pood","item":"https:\/\/lustandlove.eu\/et\/pood\/"},{"@type":"ListItem","position":3,"name":"L\u00f5bu &amp; M\u00e4ngud","item":"https:\/\/lustandlove.eu\/et\/pood\/lobu-mangud\/"},{"@type":"ListItem","position":4,"name":"M\u00e4ngud","item":"https:\/\/lustandlove.eu\/et\/pood\/lobu-mangud\/mangud\/"},{"@type":"ListItem","position":5,"name":"Peechy Kaardid &#8211; T\u00f5de v\u00f5i Tegu"}]},{"@type":"WebSite","@id":"https:\/\/lustandlove.eu\/et\/#website","url":"https:\/\/lustandlove.eu\/et\/","name":"Lust &amp; Love","description":"Online erootikapood tervise, ilu ja armastuse jaoks","publisher":{"@id":"https:\/\/lustandlove.eu\/et\/#organization"},"potentialAction":[{"@type":"SearchAction","target":{"@type":"EntryPoint","urlTemplate":"https:\/\/lustandlove.eu\/et\/?s={search_term_string}"},"query-input":{"@type":"PropertyValueSpecification","valueRequired":true,"valueName":"search_term_string"}}],"inLanguage":"et"},{"@type":"Organization","@id":"https:\/\/lustandlove.eu\/et\/#organization","name":"Bioconcept Baltics O\u00dc","url":"https:\/\/lustandlove.eu\/et\/","logo":{"@type":"ImageObject","inLanguage":"et","@id":"https:\/\/lustandlove.eu\/et\/#\/schema\/logo\/image\/","url":"","contentUrl":"","caption":"Bioconcept Baltics O\u00dc"},"image":{"@id":"https:\/\/lustandlove.eu\/et\/#\/schema\/logo\/image\/"},"sameAs":["https:\/\/www.facebook.com\/LustandLoveEU\/","https:\/\/www.instagram.com\/lustandloveeu\/"]}]}},"_links":{"self":[{"href":"https:\/\/lustandlove.eu\/et\/wp-json\/wp\/v2\/product\/95349","targetHints":{"allow":["GET"]}}],"collection":[{"href":"https:\/\/lustandlove.eu\/et\/wp-json\/wp\/v2\/product"}],"about":[{"href":"https:\/\/lustandlove.eu\/et\/wp-json\/wp\/v2\/types\/product"}],"wp:featuredmedia":[{"embeddable":true,"href":"https:\/\/lustandlove.eu\/et\/wp-json\/wp\/v2\/media\/95351"}],"wp:attachment":[{"href":"https:\/\/lustandlove.eu\/et\/wp-json\/wp\/v2\/media?parent=95349"}],"wp:term":[{"taxonomy":"product_brand","embeddable":true,"href":"https:\/\/lustandlove.eu\/et\/wp-json\/wp\/v2\/product_brand?post=95349"},{"taxonomy":"product_cat","embeddable":true,"href":"https:\/\/lustandlove.eu\/et\/wp-json\/wp\/v2\/product_cat?post=95349"},{"taxonomy":"product_tag","embeddable":true,"href":"https:\/\/lustandlove.eu\/et\/wp-json\/wp\/v2\/product_tag?post=95349"}],"curies":[{"name":"wp","href":"https:\/\/api.w.org\/{rel}","templated":true}]}}