{"id":95365,"date":"2026-02-25T13:48:46","date_gmt":"2026-02-25T11:48:46","guid":{"rendered":"https:\/\/lustandlove.eu\/?post_type=product&#038;p=95365"},"modified":"2026-04-13T10:26:16","modified_gmt":"2026-04-13T07:26:16","slug":"glide-slide-veebaasil-libesti-100ml","status":"publish","type":"product","link":"https:\/\/lustandlove.eu\/et\/toode\/glide-slide-veebaasil-libesti-100ml\/","title":{"rendered":"Glide &#038; Slide Veebaasil libesti 100ml"},"content":{"rendered":"<p>Glide &amp; Slide on pikaajalise toimega gl\u00fctseriinivaba libesti, mis tagab pikaajalise naudingu. See on valmistatud looduslikest koostisosadest, ilma lisatud l\u00f5hnaainete ja kemikaalideta. See on veidi paksem, kuid siiski mitte-kleepuv ning vajadusel kergesti pesult ja riietelt maha pestav. Libesti sobib kasutamiseks igat liiki materjalidest valmistatud seksim\u00e4nguasjadega ning seda v\u00f5ib kasutada ka kondoomidega. Kasuta seda \u00fcksi v\u00f5i seksimise ajal \u2013 see libesti ei j\u00e4ta sind kuivaks!<\/p>\n<ul>\n<li>Veep\u00f5hine libesti<\/li>\n<li>Sisaldab 100 ml<\/li>\n<li>Ei kleepu ja on kergesti maha pestav<\/li>\n<li>Valmistatud looduslikest koostisosadest<\/li>\n<li>Ilma l\u00f5hnaaineteta<\/li>\n<li>Gl\u00fctseriinivaba libesti<\/li>\n<li>Valmistatud Taanis<\/li>\n<\/ul>\n<p>Koostisained: vesi, h\u00fcdroks\u00fcet\u00fc\u00fcltselluloos, fenoks\u00fcetanool, naatriumbensoaat, sidrunhape<\/p>\n","protected":false},"excerpt":{"rendered":"<p><strong>Taanist p\u00e4rit libesti<\/strong><\/p>\n<p>Glide &amp; Slide on veebaasil, pikalt kestev, mitte kleepuv, gl\u00fctseriini ja l\u00f5hnainete vaba. See on perfektne valik pikemateks m\u00e4ngudeks v\u00f5i anaalseksi jaoks!<\/p>\n","protected":false},"featured_media":95367,"template":"","meta":[],"product_brand":[4229],"product_cat":[1467,1460,3976],"product_tag":[4128],"class_list":{"0":"post-95365","1":"product","2":"type-product","3":"status-publish","4":"has-post-thumbnail","6":"product_brand-peech-et","7":"product_cat-libestid","8":"product_cat-apteek","9":"product_cat-vee-baasil","10":"product_tag-lubricant-et","11":"pa_brand-peech-et","13":"first","14":"instock","15":"taxable","16":"shipping-taxable","17":"purchasable","18":"product-type-simple"},"yoast_head":"<!-- This site is optimized with the Yoast SEO plugin v27.3 - https:\/\/yoast.com\/product\/yoast-seo-wordpress\/ -->\n<title>Glide &amp; Slide Veebaasil libesti 100ml | Lust and Love<\/title>\n<meta name=\"description\" content=\"Glide &amp; Slide on veebaasil, pikalt kestev, mitte kleepuv, gl\u00fctseriini ja l\u00f5hnainete vaba. See on perfektne valik pikematest m\u00e4ngudes v\u00f5i anaalseksi jaoks!\" \/>\n<meta name=\"robots\" content=\"index,follow,max-snippet:-1,max-image-preview:large,max-video-preview:-1\" \/>\n<link rel=\"canonical\" href=\"https:\/\/lustandlove.eu\/et\/toode\/glide-slide-veebaasil-libesti-100ml\/\" \/>\n<meta name=\"twitter:card\" content=\"summary_large_image\" \/>\n<meta name=\"twitter:title\" content=\"Glide &amp; Slide Veebaasil libesti 100ml | Lust and Love\" \/>\n<meta name=\"twitter:description\" content=\"Glide &amp; Slide on veebaasil, pikalt kestev, mitte kleepuv, gl\u00fctseriini ja l\u00f5hnainete vaba. See on perfektne valik pikematest m\u00e4ngudes v\u00f5i anaalseksi jaoks!\" \/>\n<meta name=\"twitter:image\" content=\"https:\/\/lustandlove.eu\/wp-content\/uploads\/peech-glidecreme-glide-slide-vandbaseret-glidecreme-0725765983206-1168874494.jpg.jpeg\" \/>\n<meta name=\"twitter:label1\" content=\"Est. reading time\" \/>\n\t<meta name=\"twitter:data1\" content=\"1 minut\" \/>\n<script type=\"application\/ld+json\" class=\"yoast-schema-graph\">{\"@context\":\"https:\\\/\\\/schema.org\",\"@graph\":[{\"@type\":[\"WebPage\",\"ItemPage\"],\"@id\":\"https:\\\/\\\/lustandlove.eu\\\/et\\\/toode\\\/glide-slide-veebaasil-libesti-100ml\\\/\",\"url\":\"https:\\\/\\\/lustandlove.eu\\\/et\\\/toode\\\/glide-slide-veebaasil-libesti-100ml\\\/\",\"name\":\"Glide & Slide Veebaasil libesti 100ml | Lust and Love\",\"isPartOf\":{\"@id\":\"https:\\\/\\\/lustandlove.eu\\\/et\\\/#website\"},\"primaryImageOfPage\":{\"@id\":\"https:\\\/\\\/lustandlove.eu\\\/et\\\/toode\\\/glide-slide-veebaasil-libesti-100ml\\\/#primaryimage\"},\"image\":{\"@id\":\"https:\\\/\\\/lustandlove.eu\\\/et\\\/toode\\\/glide-slide-veebaasil-libesti-100ml\\\/#primaryimage\"},\"thumbnailUrl\":\"https:\\\/\\\/lustandlove.eu\\\/wp-content\\\/uploads\\\/peech-glidecreme-glide-slide-vandbaseret-glidecreme-0725765983206-1168874494.jpg.jpeg\",\"datePublished\":\"2026-02-25T11:48:46+00:00\",\"dateModified\":\"2026-04-13T07:26:16+00:00\",\"description\":\"Glide & Slide on veebaasil, pikalt kestev, mitte kleepuv, gl\u00fctseriini ja l\u00f5hnainete vaba. See on perfektne valik pikematest m\u00e4ngudes v\u00f5i anaalseksi jaoks!\",\"breadcrumb\":{\"@id\":\"https:\\\/\\\/lustandlove.eu\\\/et\\\/toode\\\/glide-slide-veebaasil-libesti-100ml\\\/#breadcrumb\"},\"inLanguage\":\"et\",\"potentialAction\":[{\"@type\":\"ReadAction\",\"target\":[\"https:\\\/\\\/lustandlove.eu\\\/et\\\/toode\\\/glide-slide-veebaasil-libesti-100ml\\\/\"]}]},{\"@type\":\"ImageObject\",\"inLanguage\":\"et\",\"@id\":\"https:\\\/\\\/lustandlove.eu\\\/et\\\/toode\\\/glide-slide-veebaasil-libesti-100ml\\\/#primaryimage\",\"url\":\"https:\\\/\\\/lustandlove.eu\\\/wp-content\\\/uploads\\\/peech-glidecreme-glide-slide-vandbaseret-glidecreme-0725765983206-1168874494.jpg.jpeg\",\"contentUrl\":\"https:\\\/\\\/lustandlove.eu\\\/wp-content\\\/uploads\\\/peech-glidecreme-glide-slide-vandbaseret-glidecreme-0725765983206-1168874494.jpg.jpeg\",\"width\":1400,\"height\":1400},{\"@type\":\"BreadcrumbList\",\"@id\":\"https:\\\/\\\/lustandlove.eu\\\/et\\\/toode\\\/glide-slide-veebaasil-libesti-100ml\\\/#breadcrumb\",\"itemListElement\":[{\"@type\":\"ListItem\",\"position\":1,\"name\":\"Lust and Love\",\"item\":\"https:\\\/\\\/lustandlove.eu\\\/et\\\/\"},{\"@type\":\"ListItem\",\"position\":2,\"name\":\"Pood\",\"item\":\"https:\\\/\\\/lustandlove.eu\\\/et\\\/pood\\\/\"},{\"@type\":\"ListItem\",\"position\":3,\"name\":\"Libestid ja kehahooldus\",\"item\":\"https:\\\/\\\/lustandlove.eu\\\/et\\\/pood\\\/apteek\\\/\"},{\"@type\":\"ListItem\",\"position\":4,\"name\":\"Libestid\",\"item\":\"https:\\\/\\\/lustandlove.eu\\\/et\\\/pood\\\/apteek\\\/libestid\\\/\"},{\"@type\":\"ListItem\",\"position\":5,\"name\":\"Vee baasil\",\"item\":\"https:\\\/\\\/lustandlove.eu\\\/et\\\/pood\\\/apteek\\\/libestid\\\/vee-baasil\\\/\"},{\"@type\":\"ListItem\",\"position\":6,\"name\":\"Glide &#038; Slide Veebaasil libesti 100ml\"}]},{\"@type\":\"WebSite\",\"@id\":\"https:\\\/\\\/lustandlove.eu\\\/et\\\/#website\",\"url\":\"https:\\\/\\\/lustandlove.eu\\\/et\\\/\",\"name\":\"Lust &amp; Love\",\"description\":\"Online erootikapood tervise, ilu ja armastuse jaoks\",\"publisher\":{\"@id\":\"https:\\\/\\\/lustandlove.eu\\\/et\\\/#organization\"},\"potentialAction\":[{\"@type\":\"SearchAction\",\"target\":{\"@type\":\"EntryPoint\",\"urlTemplate\":\"https:\\\/\\\/lustandlove.eu\\\/et\\\/?s={search_term_string}\"},\"query-input\":{\"@type\":\"PropertyValueSpecification\",\"valueRequired\":true,\"valueName\":\"search_term_string\"}}],\"inLanguage\":\"et\"},{\"@type\":\"Organization\",\"@id\":\"https:\\\/\\\/lustandlove.eu\\\/et\\\/#organization\",\"name\":\"Bioconcept Baltics O\u00dc\",\"url\":\"https:\\\/\\\/lustandlove.eu\\\/et\\\/\",\"logo\":{\"@type\":\"ImageObject\",\"inLanguage\":\"et\",\"@id\":\"https:\\\/\\\/lustandlove.eu\\\/et\\\/#\\\/schema\\\/logo\\\/image\\\/\",\"url\":\"\",\"contentUrl\":\"\",\"caption\":\"Bioconcept Baltics O\u00dc\"},\"image\":{\"@id\":\"https:\\\/\\\/lustandlove.eu\\\/et\\\/#\\\/schema\\\/logo\\\/image\\\/\"},\"sameAs\":[\"https:\\\/\\\/www.facebook.com\\\/LustandLoveEU\\\/\",\"https:\\\/\\\/www.instagram.com\\\/lustandloveeu\\\/\"]}]}<\/script>\n<!-- \/ Yoast SEO plugin. -->","yoast_head_json":{"title":"Glide & Slide Veebaasil libesti 100ml | Lust and Love","description":"Glide & Slide on veebaasil, pikalt kestev, mitte kleepuv, gl\u00fctseriini ja l\u00f5hnainete vaba. See on perfektne valik pikematest m\u00e4ngudes v\u00f5i anaalseksi jaoks!","robots":{"index,follow,max-snippet":"index,follow,max-snippet:-1,max-image-preview:large,max-video-preview:-1"},"canonical":"https:\/\/lustandlove.eu\/et\/toode\/glide-slide-veebaasil-libesti-100ml\/","twitter_card":"summary_large_image","twitter_title":"Glide & Slide Veebaasil libesti 100ml | Lust and Love","twitter_description":"Glide & Slide on veebaasil, pikalt kestev, mitte kleepuv, gl\u00fctseriini ja l\u00f5hnainete vaba. See on perfektne valik pikematest m\u00e4ngudes v\u00f5i anaalseksi jaoks!","twitter_image":"https:\/\/lustandlove.eu\/wp-content\/uploads\/peech-glidecreme-glide-slide-vandbaseret-glidecreme-0725765983206-1168874494.jpg.jpeg","twitter_misc":{"Est. reading time":"1 minut"},"schema":{"@context":"https:\/\/schema.org","@graph":[{"@type":["WebPage","ItemPage"],"@id":"https:\/\/lustandlove.eu\/et\/toode\/glide-slide-veebaasil-libesti-100ml\/","url":"https:\/\/lustandlove.eu\/et\/toode\/glide-slide-veebaasil-libesti-100ml\/","name":"Glide & Slide Veebaasil libesti 100ml | Lust and Love","isPartOf":{"@id":"https:\/\/lustandlove.eu\/et\/#website"},"primaryImageOfPage":{"@id":"https:\/\/lustandlove.eu\/et\/toode\/glide-slide-veebaasil-libesti-100ml\/#primaryimage"},"image":{"@id":"https:\/\/lustandlove.eu\/et\/toode\/glide-slide-veebaasil-libesti-100ml\/#primaryimage"},"thumbnailUrl":"https:\/\/lustandlove.eu\/wp-content\/uploads\/peech-glidecreme-glide-slide-vandbaseret-glidecreme-0725765983206-1168874494.jpg.jpeg","datePublished":"2026-02-25T11:48:46+00:00","dateModified":"2026-04-13T07:26:16+00:00","description":"Glide & Slide on veebaasil, pikalt kestev, mitte kleepuv, gl\u00fctseriini ja l\u00f5hnainete vaba. See on perfektne valik pikematest m\u00e4ngudes v\u00f5i anaalseksi jaoks!","breadcrumb":{"@id":"https:\/\/lustandlove.eu\/et\/toode\/glide-slide-veebaasil-libesti-100ml\/#breadcrumb"},"inLanguage":"et","potentialAction":[{"@type":"ReadAction","target":["https:\/\/lustandlove.eu\/et\/toode\/glide-slide-veebaasil-libesti-100ml\/"]}]},{"@type":"ImageObject","inLanguage":"et","@id":"https:\/\/lustandlove.eu\/et\/toode\/glide-slide-veebaasil-libesti-100ml\/#primaryimage","url":"https:\/\/lustandlove.eu\/wp-content\/uploads\/peech-glidecreme-glide-slide-vandbaseret-glidecreme-0725765983206-1168874494.jpg.jpeg","contentUrl":"https:\/\/lustandlove.eu\/wp-content\/uploads\/peech-glidecreme-glide-slide-vandbaseret-glidecreme-0725765983206-1168874494.jpg.jpeg","width":1400,"height":1400},{"@type":"BreadcrumbList","@id":"https:\/\/lustandlove.eu\/et\/toode\/glide-slide-veebaasil-libesti-100ml\/#breadcrumb","itemListElement":[{"@type":"ListItem","position":1,"name":"Lust and Love","item":"https:\/\/lustandlove.eu\/et\/"},{"@type":"ListItem","position":2,"name":"Pood","item":"https:\/\/lustandlove.eu\/et\/pood\/"},{"@type":"ListItem","position":3,"name":"Libestid ja kehahooldus","item":"https:\/\/lustandlove.eu\/et\/pood\/apteek\/"},{"@type":"ListItem","position":4,"name":"Libestid","item":"https:\/\/lustandlove.eu\/et\/pood\/apteek\/libestid\/"},{"@type":"ListItem","position":5,"name":"Vee baasil","item":"https:\/\/lustandlove.eu\/et\/pood\/apteek\/libestid\/vee-baasil\/"},{"@type":"ListItem","position":6,"name":"Glide &#038; Slide Veebaasil libesti 100ml"}]},{"@type":"WebSite","@id":"https:\/\/lustandlove.eu\/et\/#website","url":"https:\/\/lustandlove.eu\/et\/","name":"Lust &amp; Love","description":"Online erootikapood tervise, ilu ja armastuse jaoks","publisher":{"@id":"https:\/\/lustandlove.eu\/et\/#organization"},"potentialAction":[{"@type":"SearchAction","target":{"@type":"EntryPoint","urlTemplate":"https:\/\/lustandlove.eu\/et\/?s={search_term_string}"},"query-input":{"@type":"PropertyValueSpecification","valueRequired":true,"valueName":"search_term_string"}}],"inLanguage":"et"},{"@type":"Organization","@id":"https:\/\/lustandlove.eu\/et\/#organization","name":"Bioconcept Baltics O\u00dc","url":"https:\/\/lustandlove.eu\/et\/","logo":{"@type":"ImageObject","inLanguage":"et","@id":"https:\/\/lustandlove.eu\/et\/#\/schema\/logo\/image\/","url":"","contentUrl":"","caption":"Bioconcept Baltics O\u00dc"},"image":{"@id":"https:\/\/lustandlove.eu\/et\/#\/schema\/logo\/image\/"},"sameAs":["https:\/\/www.facebook.com\/LustandLoveEU\/","https:\/\/www.instagram.com\/lustandloveeu\/"]}]}},"_links":{"self":[{"href":"https:\/\/lustandlove.eu\/et\/wp-json\/wp\/v2\/product\/95365","targetHints":{"allow":["GET"]}}],"collection":[{"href":"https:\/\/lustandlove.eu\/et\/wp-json\/wp\/v2\/product"}],"about":[{"href":"https:\/\/lustandlove.eu\/et\/wp-json\/wp\/v2\/types\/product"}],"wp:featuredmedia":[{"embeddable":true,"href":"https:\/\/lustandlove.eu\/et\/wp-json\/wp\/v2\/media\/95367"}],"wp:attachment":[{"href":"https:\/\/lustandlove.eu\/et\/wp-json\/wp\/v2\/media?parent=95365"}],"wp:term":[{"taxonomy":"product_brand","embeddable":true,"href":"https:\/\/lustandlove.eu\/et\/wp-json\/wp\/v2\/product_brand?post=95365"},{"taxonomy":"product_cat","embeddable":true,"href":"https:\/\/lustandlove.eu\/et\/wp-json\/wp\/v2\/product_cat?post=95365"},{"taxonomy":"product_tag","embeddable":true,"href":"https:\/\/lustandlove.eu\/et\/wp-json\/wp\/v2\/product_tag?post=95365"}],"curies":[{"name":"wp","href":"https:\/\/api.w.org\/{rel}","templated":true}]}}