{"id":95661,"date":"2026-03-31T13:32:31","date_gmt":"2026-03-31T10:32:31","guid":{"rendered":"https:\/\/lustandlove.eu\/?post_type=product&#038;p=95661"},"modified":"2026-04-13T10:26:14","modified_gmt":"2026-04-13T07:26:14","slug":"midnight-magic-paaride-komplekt","status":"publish","type":"product","link":"https:\/\/lustandlove.eu\/et\/toode\/midnight-magic-paaride-komplekt\/","title":{"rendered":"Midnight Magic Paaride Komplekt"},"content":{"rendered":"<p>See paaride komplekt on palju enamat, kui esmapilgul paistab. Astuge sensuaalse naudingute maailma selle luksusliku kinkekarbiga, mis on loodud paaridele, kes soovivad unustamatut kirge ja m\u00e4ngulist avastamist.<\/p>\n<p>Paarikomplektist leiate kaks Je Joue&#8217;i enimm\u00fc\u00fcdud luksuslikku m\u00e4nguasja: vibreeriva peenisr\u00f5nga Mio, mis on loodud iga naudingut hetke v\u00f5imendamiseks, ja vibraatori Duet, v\u00f5imsa naudingute duo, mis lubab teie sidet tugevdada.<\/p>\n<p>M\u00f5lemad m\u00e4nguasjad sisaldavad Je Joue&#8217;i kuulsat s\u00fcgavat ja m\u00fcrisevat mootorit, mis tekitab \u00fclimadala sagedusega vibratsioone, mis levivad s\u00fcgavale kehasse, pakkudes k\u00f5ige intensiivsemaid orgasme.<\/p>\n<p>Komplektis on ka kaks uut Je Joue&#8217;i h\u00f5rku r\u00f5\u00f5muallikat: pehme sulg, millega kiusata ja ahvatleda, ning luksuslik rooside vannisulav, mis sulatab stressi ja suurendab intiimsust.<\/p>\n<p>Elegantselt esitatud kaunilt kujundatud karbis on see ideaalne kingitus, et t\u00f5sta temperatuuri ja anda end \u00fcle soovile t\u00e4ita teie s\u00fcda\u00f6\u00f6 maagiaga.<i><\/i><\/p>\n<p>&nbsp;<\/p>\n","protected":false},"excerpt":{"rendered":"<p>Sukeldu s\u00fcda\u00f6\u00f6d valitsevasse maagilisse maailma, mis on t\u00e4is iha, armastust ja naudingut. Mio peenisr\u00f5ngas ja Duet vibraator moodustavad ideaalse unistuste meeskonna, mis v\u00f5imaldab m\u00f5lemal partneril tunda ja nautida.<\/p>\n<p>&nbsp;<\/p>\n","protected":false},"featured_media":95676,"template":"","meta":[],"product_brand":[4211],"product_cat":[4011,4009,1493,1484],"product_tag":[4107,3403,3312],"class_list":{"0":"post-95661","1":"product","2":"type-product","3":"status-publish","4":"has-post-thumbnail","6":"product_brand-je-joue-et","7":"product_cat-kingiideed","8":"product_cat-lobu-mangud","9":"product_cat-paaride-komplektid","10":"product_cat-sekslelud","11":"product_tag-kinkekott","12":"product_tag-naistepaev","13":"product_tag-valentines-et","14":"pa_brand-je-joue-et","16":"first","17":"instock","18":"taxable","19":"shipping-taxable","20":"purchasable","21":"product-type-simple"},"yoast_head":"<!-- This site is optimized with the Yoast SEO plugin v27.3 - https:\/\/yoast.com\/product\/yoast-seo-wordpress\/ -->\n<title>Midnight Magic Paaride Komplekt | Lust and Love<\/title>\n<meta name=\"description\" content=\"See paaride komplekt on t\u00e4is puhast maagiat. Mio peenisr\u00f5ngas ja Duet vibraator koos komplektis oleva sulge ja vannipommiga moodustavad ideaalse unistuste tiimi!\" \/>\n<meta name=\"robots\" content=\"index,follow,max-snippet:-1,max-image-preview:large,max-video-preview:-1\" \/>\n<link rel=\"canonical\" href=\"https:\/\/lustandlove.eu\/et\/toode\/midnight-magic-paaride-komplekt\/\" \/>\n<meta name=\"twitter:card\" content=\"summary_large_image\" \/>\n<meta name=\"twitter:title\" content=\"Midnight Magic Paaride Komplekt | Lust and Love\" \/>\n<meta name=\"twitter:description\" content=\"See paaride komplekt on t\u00e4is puhast maagiat. Mio peenisr\u00f5ngas ja Duet vibraator koos komplektis oleva sulge ja vannipommiga moodustavad ideaalse unistuste tiimi!\" \/>\n<meta name=\"twitter:image\" content=\"https:\/\/lustandlove.eu\/wp-content\/uploads\/JeJoue_GiftSet_WEB-2000x2000-1.jpg.jpeg\" \/>\n<meta name=\"twitter:label1\" content=\"Est. reading time\" \/>\n\t<meta name=\"twitter:data1\" content=\"1 minut\" \/>\n<script type=\"application\/ld+json\" class=\"yoast-schema-graph\">{\"@context\":\"https:\\\/\\\/schema.org\",\"@graph\":[{\"@type\":[\"WebPage\",\"ItemPage\"],\"@id\":\"https:\\\/\\\/lustandlove.eu\\\/et\\\/toode\\\/midnight-magic-paaride-komplekt\\\/\",\"url\":\"https:\\\/\\\/lustandlove.eu\\\/et\\\/toode\\\/midnight-magic-paaride-komplekt\\\/\",\"name\":\"Midnight Magic Paaride Komplekt | Lust and Love\",\"isPartOf\":{\"@id\":\"https:\\\/\\\/lustandlove.eu\\\/et\\\/#website\"},\"primaryImageOfPage\":{\"@id\":\"https:\\\/\\\/lustandlove.eu\\\/et\\\/toode\\\/midnight-magic-paaride-komplekt\\\/#primaryimage\"},\"image\":{\"@id\":\"https:\\\/\\\/lustandlove.eu\\\/et\\\/toode\\\/midnight-magic-paaride-komplekt\\\/#primaryimage\"},\"thumbnailUrl\":\"https:\\\/\\\/lustandlove.eu\\\/wp-content\\\/uploads\\\/JeJoue_GiftSet_WEB-2000x2000-1.jpg.jpeg\",\"datePublished\":\"2026-03-31T10:32:31+00:00\",\"dateModified\":\"2026-04-13T07:26:14+00:00\",\"description\":\"See paaride komplekt on t\u00e4is puhast maagiat. Mio peenisr\u00f5ngas ja Duet vibraator koos komplektis oleva sulge ja vannipommiga moodustavad ideaalse unistuste tiimi!\",\"breadcrumb\":{\"@id\":\"https:\\\/\\\/lustandlove.eu\\\/et\\\/toode\\\/midnight-magic-paaride-komplekt\\\/#breadcrumb\"},\"inLanguage\":\"et\",\"potentialAction\":[{\"@type\":\"ReadAction\",\"target\":[\"https:\\\/\\\/lustandlove.eu\\\/et\\\/toode\\\/midnight-magic-paaride-komplekt\\\/\"]}]},{\"@type\":\"ImageObject\",\"inLanguage\":\"et\",\"@id\":\"https:\\\/\\\/lustandlove.eu\\\/et\\\/toode\\\/midnight-magic-paaride-komplekt\\\/#primaryimage\",\"url\":\"https:\\\/\\\/lustandlove.eu\\\/wp-content\\\/uploads\\\/JeJoue_GiftSet_WEB-2000x2000-1.jpg.jpeg\",\"contentUrl\":\"https:\\\/\\\/lustandlove.eu\\\/wp-content\\\/uploads\\\/JeJoue_GiftSet_WEB-2000x2000-1.jpg.jpeg\",\"width\":1920,\"height\":1920,\"caption\":\"couples kit\"},{\"@type\":\"BreadcrumbList\",\"@id\":\"https:\\\/\\\/lustandlove.eu\\\/et\\\/toode\\\/midnight-magic-paaride-komplekt\\\/#breadcrumb\",\"itemListElement\":[{\"@type\":\"ListItem\",\"position\":1,\"name\":\"Lust and Love\",\"item\":\"https:\\\/\\\/lustandlove.eu\\\/et\\\/\"},{\"@type\":\"ListItem\",\"position\":2,\"name\":\"Pood\",\"item\":\"https:\\\/\\\/lustandlove.eu\\\/et\\\/pood\\\/\"},{\"@type\":\"ListItem\",\"position\":3,\"name\":\"L\u00f5bu &amp; M\u00e4ngud\",\"item\":\"https:\\\/\\\/lustandlove.eu\\\/et\\\/pood\\\/lobu-mangud\\\/\"},{\"@type\":\"ListItem\",\"position\":4,\"name\":\"Kingiideed\",\"item\":\"https:\\\/\\\/lustandlove.eu\\\/et\\\/pood\\\/lobu-mangud\\\/kingiideed\\\/\"},{\"@type\":\"ListItem\",\"position\":5,\"name\":\"Midnight Magic Paaride Komplekt\"}]},{\"@type\":\"WebSite\",\"@id\":\"https:\\\/\\\/lustandlove.eu\\\/et\\\/#website\",\"url\":\"https:\\\/\\\/lustandlove.eu\\\/et\\\/\",\"name\":\"Lust &amp; Love\",\"description\":\"Online erootikapood tervise, ilu ja armastuse jaoks\",\"publisher\":{\"@id\":\"https:\\\/\\\/lustandlove.eu\\\/et\\\/#organization\"},\"potentialAction\":[{\"@type\":\"SearchAction\",\"target\":{\"@type\":\"EntryPoint\",\"urlTemplate\":\"https:\\\/\\\/lustandlove.eu\\\/et\\\/?s={search_term_string}\"},\"query-input\":{\"@type\":\"PropertyValueSpecification\",\"valueRequired\":true,\"valueName\":\"search_term_string\"}}],\"inLanguage\":\"et\"},{\"@type\":\"Organization\",\"@id\":\"https:\\\/\\\/lustandlove.eu\\\/et\\\/#organization\",\"name\":\"Bioconcept Baltics O\u00dc\",\"url\":\"https:\\\/\\\/lustandlove.eu\\\/et\\\/\",\"logo\":{\"@type\":\"ImageObject\",\"inLanguage\":\"et\",\"@id\":\"https:\\\/\\\/lustandlove.eu\\\/et\\\/#\\\/schema\\\/logo\\\/image\\\/\",\"url\":\"\",\"contentUrl\":\"\",\"caption\":\"Bioconcept Baltics O\u00dc\"},\"image\":{\"@id\":\"https:\\\/\\\/lustandlove.eu\\\/et\\\/#\\\/schema\\\/logo\\\/image\\\/\"},\"sameAs\":[\"https:\\\/\\\/www.facebook.com\\\/LustandLoveEU\\\/\",\"https:\\\/\\\/www.instagram.com\\\/lustandloveeu\\\/\"]}]}<\/script>\n<!-- \/ Yoast SEO plugin. -->","yoast_head_json":{"title":"Midnight Magic Paaride Komplekt | Lust and Love","description":"See paaride komplekt on t\u00e4is puhast maagiat. Mio peenisr\u00f5ngas ja Duet vibraator koos komplektis oleva sulge ja vannipommiga moodustavad ideaalse unistuste tiimi!","robots":{"index,follow,max-snippet":"index,follow,max-snippet:-1,max-image-preview:large,max-video-preview:-1"},"canonical":"https:\/\/lustandlove.eu\/et\/toode\/midnight-magic-paaride-komplekt\/","twitter_card":"summary_large_image","twitter_title":"Midnight Magic Paaride Komplekt | Lust and Love","twitter_description":"See paaride komplekt on t\u00e4is puhast maagiat. Mio peenisr\u00f5ngas ja Duet vibraator koos komplektis oleva sulge ja vannipommiga moodustavad ideaalse unistuste tiimi!","twitter_image":"https:\/\/lustandlove.eu\/wp-content\/uploads\/JeJoue_GiftSet_WEB-2000x2000-1.jpg.jpeg","twitter_misc":{"Est. reading time":"1 minut"},"schema":{"@context":"https:\/\/schema.org","@graph":[{"@type":["WebPage","ItemPage"],"@id":"https:\/\/lustandlove.eu\/et\/toode\/midnight-magic-paaride-komplekt\/","url":"https:\/\/lustandlove.eu\/et\/toode\/midnight-magic-paaride-komplekt\/","name":"Midnight Magic Paaride Komplekt | Lust and Love","isPartOf":{"@id":"https:\/\/lustandlove.eu\/et\/#website"},"primaryImageOfPage":{"@id":"https:\/\/lustandlove.eu\/et\/toode\/midnight-magic-paaride-komplekt\/#primaryimage"},"image":{"@id":"https:\/\/lustandlove.eu\/et\/toode\/midnight-magic-paaride-komplekt\/#primaryimage"},"thumbnailUrl":"https:\/\/lustandlove.eu\/wp-content\/uploads\/JeJoue_GiftSet_WEB-2000x2000-1.jpg.jpeg","datePublished":"2026-03-31T10:32:31+00:00","dateModified":"2026-04-13T07:26:14+00:00","description":"See paaride komplekt on t\u00e4is puhast maagiat. Mio peenisr\u00f5ngas ja Duet vibraator koos komplektis oleva sulge ja vannipommiga moodustavad ideaalse unistuste tiimi!","breadcrumb":{"@id":"https:\/\/lustandlove.eu\/et\/toode\/midnight-magic-paaride-komplekt\/#breadcrumb"},"inLanguage":"et","potentialAction":[{"@type":"ReadAction","target":["https:\/\/lustandlove.eu\/et\/toode\/midnight-magic-paaride-komplekt\/"]}]},{"@type":"ImageObject","inLanguage":"et","@id":"https:\/\/lustandlove.eu\/et\/toode\/midnight-magic-paaride-komplekt\/#primaryimage","url":"https:\/\/lustandlove.eu\/wp-content\/uploads\/JeJoue_GiftSet_WEB-2000x2000-1.jpg.jpeg","contentUrl":"https:\/\/lustandlove.eu\/wp-content\/uploads\/JeJoue_GiftSet_WEB-2000x2000-1.jpg.jpeg","width":1920,"height":1920,"caption":"couples kit"},{"@type":"BreadcrumbList","@id":"https:\/\/lustandlove.eu\/et\/toode\/midnight-magic-paaride-komplekt\/#breadcrumb","itemListElement":[{"@type":"ListItem","position":1,"name":"Lust and Love","item":"https:\/\/lustandlove.eu\/et\/"},{"@type":"ListItem","position":2,"name":"Pood","item":"https:\/\/lustandlove.eu\/et\/pood\/"},{"@type":"ListItem","position":3,"name":"L\u00f5bu &amp; M\u00e4ngud","item":"https:\/\/lustandlove.eu\/et\/pood\/lobu-mangud\/"},{"@type":"ListItem","position":4,"name":"Kingiideed","item":"https:\/\/lustandlove.eu\/et\/pood\/lobu-mangud\/kingiideed\/"},{"@type":"ListItem","position":5,"name":"Midnight Magic Paaride Komplekt"}]},{"@type":"WebSite","@id":"https:\/\/lustandlove.eu\/et\/#website","url":"https:\/\/lustandlove.eu\/et\/","name":"Lust &amp; Love","description":"Online erootikapood tervise, ilu ja armastuse jaoks","publisher":{"@id":"https:\/\/lustandlove.eu\/et\/#organization"},"potentialAction":[{"@type":"SearchAction","target":{"@type":"EntryPoint","urlTemplate":"https:\/\/lustandlove.eu\/et\/?s={search_term_string}"},"query-input":{"@type":"PropertyValueSpecification","valueRequired":true,"valueName":"search_term_string"}}],"inLanguage":"et"},{"@type":"Organization","@id":"https:\/\/lustandlove.eu\/et\/#organization","name":"Bioconcept Baltics O\u00dc","url":"https:\/\/lustandlove.eu\/et\/","logo":{"@type":"ImageObject","inLanguage":"et","@id":"https:\/\/lustandlove.eu\/et\/#\/schema\/logo\/image\/","url":"","contentUrl":"","caption":"Bioconcept Baltics O\u00dc"},"image":{"@id":"https:\/\/lustandlove.eu\/et\/#\/schema\/logo\/image\/"},"sameAs":["https:\/\/www.facebook.com\/LustandLoveEU\/","https:\/\/www.instagram.com\/lustandloveeu\/"]}]}},"_links":{"self":[{"href":"https:\/\/lustandlove.eu\/et\/wp-json\/wp\/v2\/product\/95661","targetHints":{"allow":["GET"]}}],"collection":[{"href":"https:\/\/lustandlove.eu\/et\/wp-json\/wp\/v2\/product"}],"about":[{"href":"https:\/\/lustandlove.eu\/et\/wp-json\/wp\/v2\/types\/product"}],"wp:featuredmedia":[{"embeddable":true,"href":"https:\/\/lustandlove.eu\/et\/wp-json\/wp\/v2\/media\/95676"}],"wp:attachment":[{"href":"https:\/\/lustandlove.eu\/et\/wp-json\/wp\/v2\/media?parent=95661"}],"wp:term":[{"taxonomy":"product_brand","embeddable":true,"href":"https:\/\/lustandlove.eu\/et\/wp-json\/wp\/v2\/product_brand?post=95661"},{"taxonomy":"product_cat","embeddable":true,"href":"https:\/\/lustandlove.eu\/et\/wp-json\/wp\/v2\/product_cat?post=95661"},{"taxonomy":"product_tag","embeddable":true,"href":"https:\/\/lustandlove.eu\/et\/wp-json\/wp\/v2\/product_tag?post=95661"}],"curies":[{"name":"wp","href":"https:\/\/api.w.org\/{rel}","templated":true}]}}